{"id":1857,"date":"2012-06-24T16:31:49","date_gmt":"2012-06-24T16:31:49","guid":{"rendered":"http:\/\/imprentas.org.mx\/imprenta\/?page_id=1857"},"modified":"2022-01-30T02:21:47","modified_gmt":"2022-01-30T02:21:47","slug":"impresion-en-rotativa","status":"publish","type":"page","link":"https:\/\/www.imprentas.org.mx\/imprenta\/impresion-en-rotativa\/","title":{"rendered":"Impresion en Rotativa"},"content":{"rendered":"<div id=\"fb_share_1\" style=\"float: right; margin-left: 10px;;width: 55px;\" name=\"fb_share\"><div id=\"fb-root\"><\/div><script src=\"http:\/\/connect.facebook.net\/en_US\/all.js#appId=125029517579627&amp;xfbml=1\"><\/script><fb:like href=\"https:\/\/www.imprentas.org.mx\/imprenta\/impresion-en-rotativa\/\" send=\"false\" layout=\"button\" width=\"55\" show_faces=\"false\" font=\"arial\"><\/fb:like><\/div>\t\t<div data-elementor-type=\"wp-page\" data-elementor-id=\"1857\" class=\"elementor elementor-1857\">\n\t\t\t\t\t\t<section class=\"elementor-section elementor-top-section elementor-element elementor-element-c574f0a elementor-section-boxed elementor-section-height-default elementor-section-height-default\" data-id=\"c574f0a\" data-element_type=\"section\">\n\t\t\t\t\t\t<div class=\"elementor-container elementor-column-gap-default\">\n\t\t\t\t\t<div class=\"elementor-column elementor-col-100 elementor-top-column elementor-element elementor-element-27710256\" data-id=\"27710256\" data-element_type=\"column\">\n\t\t\t<div class=\"elementor-widget-wrap elementor-element-populated\">\n\t\t\t\t\t\t<div class=\"elementor-element elementor-element-20fbe03 elementor-widget elementor-widget-html\" data-id=\"20fbe03\" data-element_type=\"widget\" data-widget_type=\"html.default\">\n\t\t\t\t<div class=\"elementor-widget-container\">\n\t\t\t\t\t<form method=\"POST\" action=\"https:\/\/www.debari.com.mx\/cgi-bin\/arp\/ar.cgi\"><input type=\"hidden\" name=\"mode\" value=\"register\"><input type=\"hidden\" name=\"ar\" value=Rotativa><div align=\"center\"><table border=\"1\" bgcolor=\"green\" cellpadding=\"5\"> <tr><td align=\"center\"><font face=\"Arial\" color=white size=\"2\"><b>- Nombre -<br><input type=\"text\" name=\"user\" size=\"20\"><br>- Email -<\/b><\/i><br><input type=\"text\" name=\"email\" size=\"20\"><br><hr><center><input type=\"submit\" value=\"Solicito Informes\" name=\"B1\"><\/td><\/tr><\/table><\/div><label class=\"apbct_special_field\" id=\"apbct_label_id23183\" for=\"apbct__email_id__elementor_form_23183\">23183<\/label><input \n        id=\"apbct__email_id__elementor_form_23183\" \n        class=\"apbct_special_field apbct__email_id__elementor_form\"\n        autocomplete=\"off\" \n        name=\"apbct__email_id__elementor_form_23183\"  \n        type=\"text\" \n        value=\"23183\" \n        size=\"30\" \n        apbct_event_id=\"23183\"\n        maxlength=\"200\" \n    \/><input \n        id=\"apbct_event_id_elementor_form_23183\"\n        class=\"apbct_special_field\"\n        name=\"apbct_event_id\"\n        type=\"hidden\" \n        value=\"23183\" \n            \/><\/form>\t\t\t\t<\/div>\n\t\t\t\t<\/div>\n\t\t\t\t<div class=\"elementor-element elementor-element-6823d4e3 elementor-widget elementor-widget-text-editor\" data-id=\"6823d4e3\" data-element_type=\"widget\" data-widget_type=\"text-editor.default\">\n\t\t\t\t<div class=\"elementor-widget-container\">\n\t\t\t\t\t\t\t\t\t<h1><span style=\"color: #0000ff;\"><span style=\"color: #3366ff;\">Impresion en Rotativa<\/span>\u00a0<\/span><\/h1><p style=\"text-align: left;\"><span style=\"color: #333333;\"><strong>Para tirajes de medio y alto volumen (15,000 publicaciones en adelante) la <span style=\"text-decoration: underline;\">impresi\u00f3n en rotativa<\/span> es el mejor recurso, bajo el sistema offset.<\/strong><\/span><\/p><p style=\"text-align: left;\"><span style=\"color: #333333;\"><strong>Producimos Revistas, Libros, Folletos y Peri\u00f3dicos de la m\u00e1s alta calidad.<\/strong><\/span><\/p><p><a href=\"https:\/\/i0.wp.com\/imprentas.org.mx\/imprenta\/wp-content\/uploads\/2012\/06\/Impresion-en-Rotativa1.jpg\" target=\"_blank\" rel=\"noopener\"><img fetchpriority=\"high\" decoding=\"async\" data-recalc-dims=\"1\" class=\"aligncenter\" title=\"impresion rotativa\" src=\"https:\/\/i0.wp.com\/imprentas.org.mx\/imprenta\/wp-content\/uploads\/2012\/06\/Impresion-en-Rotativa1.jpg?resize=807%2C294\" alt=\"\" width=\"807\" height=\"294\" \/><\/a><\/p><h2 style=\"text-align: left;\"><span style=\"color: #3366ff;\">\u00a0<\/span><\/h2><h2 style=\"text-align: left;\"><span style=\"color: #3366ff;\">La impresi\u00f3n en rotativa&#8230;<\/span><\/h2><p style=\"text-align: left;\"><span style=\"color: #333333;\"><strong>Plasma simult\u00e1neamente el frente y reverso de las im\u00e1genes de sus dise\u00f1os sobre el papel elegido, se realiza en rollos de hasta 96 cms de ancho y con una circunferencia fija de 58 cms.<\/strong><\/span><\/p><p style=\"text-align: left;\"><span style=\"color: #333333;\"><strong>Imprime en un solo paso las tintas que requiere su impreso, as\u00ed como los entrega en pliegos ya doblados listos para llevar a cabo el proceso de encuadernado o bien se tiene la elecci\u00f3n de sacar el impreso en hoja.<\/strong><\/span><\/p><p style=\"text-align: left;\"><span style=\"color: #333333;\"><strong>Se cuenta con equipos de control de calidad en linea, lo que garantiza los ajustes inmediatos de la impresion, evitando que la rotativa corra sin corregir los defectos de registro o tonalidad.<\/strong><\/span><\/p><p style=\"text-align: left;\"><span style=\"color: #333333;\"><strong>La velocidad de la m\u00e1quina es de 40,000 &#8211; 50,000 \u00a0pliegos (equivalentes a 8 cartas) x hora por lo que resulta inapropiado para tirajes cortos ya que el costo de arranque elevar\u00eda considerablemente el precio, lo que ocurre al contrario en cantidades de 15,000 en adelante.<\/strong><\/span><\/p><p style=\"text-align: center;\"><a href=\"https:\/\/i0.wp.com\/imprentas.org.mx\/imprenta\/wp-content\/uploads\/2012\/06\/iwe4.jpg\" target=\"_blank\" rel=\"nofollow noopener noreferrer\"><img decoding=\"async\" data-recalc-dims=\"1\" class=\"aligncenter title= lazyload\" data-src=\"https:\/\/i0.wp.com\/www.imprentas.org.mx\/imprenta\/wp-content\/uploads\/2012\/06\/iwe4.jpg?resize=960%2C350&#038;ssl=1\" alt=\"Control de Calidad\" width=\"960\" height=\"350\" src=\"data:image\/svg+xml;base64,PHN2ZyB3aWR0aD0iMSIgaGVpZ2h0PSIxIiB4bWxucz0iaHR0cDovL3d3dy53My5vcmcvMjAwMC9zdmciPjwvc3ZnPg==\" style=\"--smush-placeholder-width: 960px; --smush-placeholder-aspect-ratio: 960\/350;\" \/><\/a><\/p><h3 style=\"text-align: left;\">\u00a0<\/h3><h3 style=\"text-align: left;\"><span style=\"color: #3366ff;\">La impresi\u00f3n en rotativa de offset&#8230;<\/span><\/h3><p style=\"text-align: left;\"><span style=\"color: #333333;\"><strong>Se utiliza preferentemente para la producci\u00f3n de libros, revistas y peri\u00f3dicos en papeles cubiertos y no cubiertos como couch\u00e9, bond, peri\u00f3dico, lwc, etc. en gramajes desde 40 a <\/strong><\/span><span style=\"color: #333333;\"><strong>130 gr.<\/strong><\/span><\/p><p style=\"text-align: left;\"><span style=\"color: #333333;\"><strong>Dentro de los impresos m\u00e1s comunes est\u00e1n los libros ilustrativos o de texto, cat\u00e1logos de ofertas tipo los de los grandes cadenas comerciales, revistas como las que se venden en voceadores o locales cerrados, peri\u00f3dicos tabloides, \u00a0etc.<\/strong><\/span><\/p><p>Impresion en Rotativa<\/p>\t\t\t\t\t\t\t\t<\/div>\n\t\t\t\t<\/div>\n\t\t\t\t\t<\/div>\n\t\t<\/div>\n\t\t\t\t\t<\/div>\n\t\t<\/section>\n\t\t\t\t<\/div>\n\t\t","protected":false},"excerpt":{"rendered":"<p>&#8211; Nombre &#8211;&#8211; Email &#8211; Impresion en Rotativa\u00a0 Para tirajes de medio y alto volumen (15,000 publicaciones en adelante) la impresi\u00f3n en rotativa es el mejor recurso, bajo el sistema offset. Producimos Revistas, Libros, Folletos y Peri\u00f3dicos de la m\u00e1s alta calidad. \u00a0 La impresi\u00f3n en rotativa&#8230; Plasma simult\u00e1neamente el frente y reverso de las&#8230;<\/p>\n","protected":false},"author":2,"featured_media":0,"parent":0,"menu_order":3,"comment_status":"open","ping_status":"open","template":"","meta":{"om_disable_all_campaigns":false,"_monsterinsights_skip_tracking":false,"_monsterinsights_sitenote_active":false,"_monsterinsights_sitenote_note":"","_monsterinsights_sitenote_category":0,"_uf_show_specific_survey":0,"_uf_disable_surveys":false,"_joinchat":[],"footnotes":""},"class_list":["post-1857","page","type-page","status-publish","hentry"],"yoast_head":"<!-- This site is optimized with the Yoast SEO plugin v27.2 - https:\/\/yoast.com\/product\/yoast-seo-wordpress\/ -->\n<title>impresion de revistas y folletos en rotativa<\/title>\n<meta name=\"robots\" content=\"index, follow, max-snippet:-1, max-image-preview:large, max-video-preview:-1\" \/>\n<link rel=\"canonical\" href=\"https:\/\/www.imprentas.org.mx\/imprenta\/impresion-en-rotativa\/\" \/>\n<meta property=\"og:locale\" content=\"es_MX\" \/>\n<meta property=\"og:type\" content=\"article\" \/>\n<meta property=\"og:title\" content=\"impresion de revistas y folletos en rotativa\" \/>\n<meta property=\"og:description\" content=\"&#8211; Nombre &#8211;&#8211; Email &#8211; Impresion en Rotativa\u00a0 Para tirajes de medio y alto volumen (15,000 publicaciones en adelante) la impresi\u00f3n en rotativa es el mejor recurso, bajo el sistema offset. Producimos Revistas, Libros, Folletos y Peri\u00f3dicos de la m\u00e1s alta calidad. \u00a0 La impresi\u00f3n en rotativa&#8230; Plasma simult\u00e1neamente el frente y reverso de las...\" \/>\n<meta property=\"og:url\" content=\"https:\/\/www.imprentas.org.mx\/imprenta\/impresion-en-rotativa\/\" \/>\n<meta property=\"og:site_name\" content=\"Imprentas: Revistas, Libros ...\" \/>\n<meta property=\"article:publisher\" content=\"https:\/\/www.facebook.com\/imprenta.debari\" \/>\n<meta property=\"article:modified_time\" content=\"2022-01-30T02:21:47+00:00\" \/>\n<meta property=\"og:image\" content=\"http:\/\/imprentas.org.mx\/imprenta\/wp-content\/uploads\/2012\/06\/Impresion-en-Rotativa1.jpg\" \/>\n<meta name=\"twitter:card\" content=\"summary_large_image\" \/>\n<meta name=\"twitter:site\" content=\"@DEBARISERV\" \/>\n<meta name=\"twitter:label1\" content=\"Tiempo de lectura\" \/>\n\t<meta name=\"twitter:data1\" content=\"2 minutos\" \/>\n<script type=\"application\/ld+json\" class=\"yoast-schema-graph\">{\"@context\":\"https:\/\/schema.org\",\"@graph\":[{\"@type\":\"WebPage\",\"@id\":\"https:\/\/www.imprentas.org.mx\/imprenta\/impresion-en-rotativa\/\",\"url\":\"https:\/\/www.imprentas.org.mx\/imprenta\/impresion-en-rotativa\/\",\"name\":\"impresion de revistas y folletos en rotativa\",\"isPartOf\":{\"@id\":\"https:\/\/www.imprentas.org.mx\/imprenta\/#website\"},\"primaryImageOfPage\":{\"@id\":\"https:\/\/www.imprentas.org.mx\/imprenta\/impresion-en-rotativa\/#primaryimage\"},\"image\":{\"@id\":\"https:\/\/www.imprentas.org.mx\/imprenta\/impresion-en-rotativa\/#primaryimage\"},\"thumbnailUrl\":\"http:\/\/imprentas.org.mx\/imprenta\/wp-content\/uploads\/2012\/06\/Impresion-en-Rotativa1.jpg\",\"datePublished\":\"2012-06-24T16:31:49+00:00\",\"dateModified\":\"2022-01-30T02:21:47+00:00\",\"breadcrumb\":{\"@id\":\"https:\/\/www.imprentas.org.mx\/imprenta\/impresion-en-rotativa\/#breadcrumb\"},\"inLanguage\":\"es\",\"potentialAction\":[{\"@type\":\"ReadAction\",\"target\":[\"https:\/\/www.imprentas.org.mx\/imprenta\/impresion-en-rotativa\/\"]}]},{\"@type\":\"ImageObject\",\"inLanguage\":\"es\",\"@id\":\"https:\/\/www.imprentas.org.mx\/imprenta\/impresion-en-rotativa\/#primaryimage\",\"url\":\"http:\/\/imprentas.org.mx\/imprenta\/wp-content\/uploads\/2012\/06\/Impresion-en-Rotativa1.jpg\",\"contentUrl\":\"http:\/\/imprentas.org.mx\/imprenta\/wp-content\/uploads\/2012\/06\/Impresion-en-Rotativa1.jpg\"},{\"@type\":\"BreadcrumbList\",\"@id\":\"https:\/\/www.imprentas.org.mx\/imprenta\/impresion-en-rotativa\/#breadcrumb\",\"itemListElement\":[{\"@type\":\"ListItem\",\"position\":1,\"name\":\"Inicio\",\"item\":\"https:\/\/www.imprentas.org.mx\/imprenta\/\"},{\"@type\":\"ListItem\",\"position\":2,\"name\":\"Impresion en Rotativa\"}]},{\"@type\":\"WebSite\",\"@id\":\"https:\/\/www.imprentas.org.mx\/imprenta\/#website\",\"url\":\"https:\/\/www.imprentas.org.mx\/imprenta\/\",\"name\":\"Imprentas: Revistas, Libros ...\",\"description\":\"Servicio en Impresi\u00f3n, Hoja, Rotativa, Digital, Encuadernaci\u00f3n.\",\"publisher\":{\"@id\":\"https:\/\/www.imprentas.org.mx\/imprenta\/#organization\"},\"potentialAction\":[{\"@type\":\"SearchAction\",\"target\":{\"@type\":\"EntryPoint\",\"urlTemplate\":\"https:\/\/www.imprentas.org.mx\/imprenta\/?s={search_term_string}\"},\"query-input\":{\"@type\":\"PropertyValueSpecification\",\"valueRequired\":true,\"valueName\":\"search_term_string\"}}],\"inLanguage\":\"es\"},{\"@type\":\"Organization\",\"@id\":\"https:\/\/www.imprentas.org.mx\/imprenta\/#organization\",\"name\":\"Imprentas Debari\",\"url\":\"https:\/\/www.imprentas.org.mx\/imprenta\/\",\"logo\":{\"@type\":\"ImageObject\",\"inLanguage\":\"es\",\"@id\":\"https:\/\/www.imprentas.org.mx\/imprenta\/#\/schema\/logo\/image\/\",\"url\":\"https:\/\/i0.wp.com\/www.imprentas.org.mx\/imprenta\/wp-content\/uploads\/2019\/03\/logoimprentas-e1557587303134.jpg?fit=135%2C95&ssl=1\",\"contentUrl\":\"https:\/\/i0.wp.com\/www.imprentas.org.mx\/imprenta\/wp-content\/uploads\/2019\/03\/logoimprentas-e1557587303134.jpg?fit=135%2C95&ssl=1\",\"width\":135,\"height\":95,\"caption\":\"Imprentas Debari\"},\"image\":{\"@id\":\"https:\/\/www.imprentas.org.mx\/imprenta\/#\/schema\/logo\/image\/\"},\"sameAs\":[\"https:\/\/www.facebook.com\/imprenta.debari\",\"https:\/\/x.com\/DEBARISERV\",\"https:\/\/www.instagram.com\/p\/BxsUq56nHI1\/?igshid=s2fcgcgxwafw\",\"https:\/\/www.linkedin.com\/in\/imprentas-debari-625a7026\/\",\"https:\/\/www.pinterest.com\/imprentasdebari\"]}]}<\/script>\n<!-- \/ Yoast SEO plugin. -->","yoast_head_json":{"title":"impresion de revistas y folletos en rotativa","robots":{"index":"index","follow":"follow","max-snippet":"max-snippet:-1","max-image-preview":"max-image-preview:large","max-video-preview":"max-video-preview:-1"},"canonical":"https:\/\/www.imprentas.org.mx\/imprenta\/impresion-en-rotativa\/","og_locale":"es_MX","og_type":"article","og_title":"impresion de revistas y folletos en rotativa","og_description":"&#8211; Nombre &#8211;&#8211; Email &#8211; Impresion en Rotativa\u00a0 Para tirajes de medio y alto volumen (15,000 publicaciones en adelante) la impresi\u00f3n en rotativa es el mejor recurso, bajo el sistema offset. Producimos Revistas, Libros, Folletos y Peri\u00f3dicos de la m\u00e1s alta calidad. \u00a0 La impresi\u00f3n en rotativa&#8230; Plasma simult\u00e1neamente el frente y reverso de las...","og_url":"https:\/\/www.imprentas.org.mx\/imprenta\/impresion-en-rotativa\/","og_site_name":"Imprentas: Revistas, Libros ...","article_publisher":"https:\/\/www.facebook.com\/imprenta.debari","article_modified_time":"2022-01-30T02:21:47+00:00","og_image":[{"url":"http:\/\/imprentas.org.mx\/imprenta\/wp-content\/uploads\/2012\/06\/Impresion-en-Rotativa1.jpg","type":"","width":"","height":""}],"twitter_card":"summary_large_image","twitter_site":"@DEBARISERV","twitter_misc":{"Tiempo de lectura":"2 minutos"},"schema":{"@context":"https:\/\/schema.org","@graph":[{"@type":"WebPage","@id":"https:\/\/www.imprentas.org.mx\/imprenta\/impresion-en-rotativa\/","url":"https:\/\/www.imprentas.org.mx\/imprenta\/impresion-en-rotativa\/","name":"impresion de revistas y folletos en rotativa","isPartOf":{"@id":"https:\/\/www.imprentas.org.mx\/imprenta\/#website"},"primaryImageOfPage":{"@id":"https:\/\/www.imprentas.org.mx\/imprenta\/impresion-en-rotativa\/#primaryimage"},"image":{"@id":"https:\/\/www.imprentas.org.mx\/imprenta\/impresion-en-rotativa\/#primaryimage"},"thumbnailUrl":"http:\/\/imprentas.org.mx\/imprenta\/wp-content\/uploads\/2012\/06\/Impresion-en-Rotativa1.jpg","datePublished":"2012-06-24T16:31:49+00:00","dateModified":"2022-01-30T02:21:47+00:00","breadcrumb":{"@id":"https:\/\/www.imprentas.org.mx\/imprenta\/impresion-en-rotativa\/#breadcrumb"},"inLanguage":"es","potentialAction":[{"@type":"ReadAction","target":["https:\/\/www.imprentas.org.mx\/imprenta\/impresion-en-rotativa\/"]}]},{"@type":"ImageObject","inLanguage":"es","@id":"https:\/\/www.imprentas.org.mx\/imprenta\/impresion-en-rotativa\/#primaryimage","url":"http:\/\/imprentas.org.mx\/imprenta\/wp-content\/uploads\/2012\/06\/Impresion-en-Rotativa1.jpg","contentUrl":"http:\/\/imprentas.org.mx\/imprenta\/wp-content\/uploads\/2012\/06\/Impresion-en-Rotativa1.jpg"},{"@type":"BreadcrumbList","@id":"https:\/\/www.imprentas.org.mx\/imprenta\/impresion-en-rotativa\/#breadcrumb","itemListElement":[{"@type":"ListItem","position":1,"name":"Inicio","item":"https:\/\/www.imprentas.org.mx\/imprenta\/"},{"@type":"ListItem","position":2,"name":"Impresion en Rotativa"}]},{"@type":"WebSite","@id":"https:\/\/www.imprentas.org.mx\/imprenta\/#website","url":"https:\/\/www.imprentas.org.mx\/imprenta\/","name":"Imprentas: Revistas, Libros ...","description":"Servicio en Impresi\u00f3n, Hoja, Rotativa, Digital, Encuadernaci\u00f3n.","publisher":{"@id":"https:\/\/www.imprentas.org.mx\/imprenta\/#organization"},"potentialAction":[{"@type":"SearchAction","target":{"@type":"EntryPoint","urlTemplate":"https:\/\/www.imprentas.org.mx\/imprenta\/?s={search_term_string}"},"query-input":{"@type":"PropertyValueSpecification","valueRequired":true,"valueName":"search_term_string"}}],"inLanguage":"es"},{"@type":"Organization","@id":"https:\/\/www.imprentas.org.mx\/imprenta\/#organization","name":"Imprentas Debari","url":"https:\/\/www.imprentas.org.mx\/imprenta\/","logo":{"@type":"ImageObject","inLanguage":"es","@id":"https:\/\/www.imprentas.org.mx\/imprenta\/#\/schema\/logo\/image\/","url":"https:\/\/i0.wp.com\/www.imprentas.org.mx\/imprenta\/wp-content\/uploads\/2019\/03\/logoimprentas-e1557587303134.jpg?fit=135%2C95&ssl=1","contentUrl":"https:\/\/i0.wp.com\/www.imprentas.org.mx\/imprenta\/wp-content\/uploads\/2019\/03\/logoimprentas-e1557587303134.jpg?fit=135%2C95&ssl=1","width":135,"height":95,"caption":"Imprentas Debari"},"image":{"@id":"https:\/\/www.imprentas.org.mx\/imprenta\/#\/schema\/logo\/image\/"},"sameAs":["https:\/\/www.facebook.com\/imprenta.debari","https:\/\/x.com\/DEBARISERV","https:\/\/www.instagram.com\/p\/BxsUq56nHI1\/?igshid=s2fcgcgxwafw","https:\/\/www.linkedin.com\/in\/imprentas-debari-625a7026\/","https:\/\/www.pinterest.com\/imprentasdebari"]}]}},"jetpack_sharing_enabled":true,"_links":{"self":[{"href":"https:\/\/www.imprentas.org.mx\/imprenta\/wp-json\/wp\/v2\/pages\/1857","targetHints":{"allow":["GET"]}}],"collection":[{"href":"https:\/\/www.imprentas.org.mx\/imprenta\/wp-json\/wp\/v2\/pages"}],"about":[{"href":"https:\/\/www.imprentas.org.mx\/imprenta\/wp-json\/wp\/v2\/types\/page"}],"author":[{"embeddable":true,"href":"https:\/\/www.imprentas.org.mx\/imprenta\/wp-json\/wp\/v2\/users\/2"}],"replies":[{"embeddable":true,"href":"https:\/\/www.imprentas.org.mx\/imprenta\/wp-json\/wp\/v2\/comments?post=1857"}],"version-history":[{"count":57,"href":"https:\/\/www.imprentas.org.mx\/imprenta\/wp-json\/wp\/v2\/pages\/1857\/revisions"}],"predecessor-version":[{"id":3659,"href":"https:\/\/www.imprentas.org.mx\/imprenta\/wp-json\/wp\/v2\/pages\/1857\/revisions\/3659"}],"wp:attachment":[{"href":"https:\/\/www.imprentas.org.mx\/imprenta\/wp-json\/wp\/v2\/media?parent=1857"}],"curies":[{"name":"wp","href":"https:\/\/api.w.org\/{rel}","templated":true}]}}