{"id":2,"date":"2011-04-01T01:14:45","date_gmt":"2011-04-01T06:14:45","guid":{"rendered":"http:\/\/imprentas.org.mx\/imprenta\/?page_id=2"},"modified":"2019-05-11T17:49:36","modified_gmt":"2019-05-11T17:49:36","slug":"calidadarchivos","status":"publish","type":"page","link":"https:\/\/www.imprentas.org.mx\/imprenta\/calidadarchivos\/","title":{"rendered":"Calidad de Archivos Digitales"},"content":{"rendered":"<div id=\"fb_share_1\" style=\"float: right; margin-left: 10px;;width: 55px;\" name=\"fb_share\"><div id=\"fb-root\"><\/div><script src=\"http:\/\/connect.facebook.net\/en_US\/all.js#appId=125029517579627&amp;xfbml=1\"><\/script><fb:like href=\"https:\/\/www.imprentas.org.mx\/imprenta\/calidadarchivos\/\" send=\"false\" layout=\"button\" width=\"55\" show_faces=\"false\" font=\"arial\"><\/fb:like><\/div><h2 style=\"text-align: center;\"><a href=\"https:\/\/i0.wp.com\/www.imprentas.org.mx\/imprenta\/wp-content\/uploads\/2011\/04\/logito-imprentas-copy.jpg\"><img data-recalc-dims=\"1\" decoding=\"async\" class=\"alignnone size-full wp-image-2071 lazyload\" data-src=\"https:\/\/i0.wp.com\/www.imprentas.org.mx\/imprenta\/wp-content\/uploads\/2011\/04\/logito-imprentas-copy.jpg?resize=150%2C105\" alt=\"\" width=\"150\" height=\"105\" src=\"data:image\/svg+xml;base64,PHN2ZyB3aWR0aD0iMSIgaGVpZ2h0PSIxIiB4bWxucz0iaHR0cDovL3d3dy53My5vcmcvMjAwMC9zdmciPjwvc3ZnPg==\" style=\"--smush-placeholder-width: 150px; --smush-placeholder-aspect-ratio: 150\/105;\" \/><\/a><\/h2>\n<h2 style=\"text-align: center;\"><strong><span style=\"color: #0000ff;\">A<\/span><\/strong><strong><span style=\"color: #0000ff;\">RCHIVOS DIGITALES PARA IMPRESION<\/span><\/strong><\/h2>\n<p><span style=\"color: #3366ff; text-align: center;\">Calidad en los Archivos para Impresi\u00f3n de Revistas, Libros, Folletos, Peri\u00f3dicos y m\u00e1s.<\/span><\/p>\n<p><span style=\"color: #3366ff;\"><br \/>\n<\/span><\/p>\n<p style=\"text-align: center;\"><span style=\"color: #ff0000;\"><strong>REBASE DE FONDOS O IM\u00c1GENES<\/strong><\/span><\/p>\n<p style=\"text-align: center;\">Que las im\u00e1genes o fondos tengan 5 mm adicionales (m\u00ednimo 3) a la linea de corte del ejemplar para evitar que queden filos blancos despu\u00e9s de que la revista se refine.<\/p>\n<p style=\"text-align: center;\"><span style=\"color: #d6ab00;\">AMARILLO =\u00c1REA de REBASE<\/span><\/p>\n<p style=\"text-align: center;\"><span style=\"color: #cc0000;\"><strong>ROJO=\u00c1REA DE AIRE<\/strong><\/span><\/p>\n<p style=\"text-align: center;\"><span style=\"color: #008000;\">VERDE=\u00c1REA de CAJA (de dise\u00f1o)<\/span><\/p>\n<p style=\"text-align: center;\"><span style=\"color: #800080;\">LIMITE ENTRE ROJO Y AMARILLO=LINEA de CORTE \u00f3 REFINE<\/span><\/p>\n<p style=\"text-align: center;\">(haga click sobre la imagen para verla mejor en otra ventana)<a href=\"https:\/\/i0.wp.com\/imprentas.org.mx\/imprenta\/wp-content\/uploads\/2011\/04\/Ejemplo-de-plantilla2.jpg\" target=\"_blank\" rel=\"noopener noreferrer\" rel=\"nofollow\"><img data-recalc-dims=\"1\" fetchpriority=\"high\" decoding=\"async\" class=\"aligncenter size-full wp-image-1433\" title=\"Ejemplo de plantilla\" src=\"https:\/\/i0.wp.com\/imprentas.org.mx\/imprenta\/wp-content\/uploads\/2011\/04\/Ejemplo-de-plantilla2.jpg?resize=568%2C401\" alt=\"archivos digitales\" width=\"568\" height=\"401\" srcset=\"https:\/\/i0.wp.com\/www.imprentas.org.mx\/imprenta\/wp-content\/uploads\/2011\/04\/Ejemplo-de-plantilla2.jpg?w=877&amp;ssl=1 877w, https:\/\/i0.wp.com\/www.imprentas.org.mx\/imprenta\/wp-content\/uploads\/2011\/04\/Ejemplo-de-plantilla2.jpg?resize=300%2C212&amp;ssl=1 300w\" sizes=\"(max-width: 568px) 100vw, 568px\" \/><\/a><\/p>\n<h3 style=\"text-align: center;\"><span style=\"color: #ff0000;\"><strong>AIRE\u00a0\u00a0 &#8211; ESPACIO ENTRE CAJA DE DISE\u00d1O Y CORTE &#8211;<\/strong><\/span><\/h3>\n<p style=\"text-align: center;\">En los\u00a0<strong>archivos digitales \u00a0para imprenta, <\/strong>debe existir un espacio de 5 mm, m\u00ednimo 3, entre los m\u00e1rgenes, im\u00e1genes, textos, folios, etc. hasta \u00a0la linea de refine, excepto que la intenci\u00f3n es cortarlos, \u00a0pues de otra forma se corre el riesgo de salir incompletos y se puede ver mal.<\/p>\n<p style=\"text-align: center;\"><span style=\"color: #ff0000;\"><strong>DISTORSIONES<\/strong><\/span><\/p>\n<p style=\"text-align: center;\">Revisar que las im\u00e1genes y textos se vean n\u00edtidos en los archivos digitales para impresi\u00f3n, que no se pixeleen ni se vean defectuosos, pero verificando que no sea efecto de la pantalla del monitor.<\/p>\n<p style=\"text-align: center;\"><span style=\"color: #ff0000;\"><strong>TEXTOS Y LINEAS EN NEGRO<\/strong><\/span><\/p>\n<p style=\"text-align: center;\">Evitar que los textos o lineas en color negro contengan otros colores encimados pues es innecesario y dificultan la calidad de registro.<\/p>\n<p style=\"text-align: center;\">Tambi\u00e9n cuando no tengan blanco alrededor, se deben correr un poco \u00a0debajo de\u00a0\u00a0los colores o fondos (trapping),\u00a0con el fin de \u00a0evitar filos por movimientos finos en el registro.<\/p>\n<p style=\"text-align: center;\">Por otra parte, al guardarlos se debe tener cuidado que no se da\u00f1en las fuentes al generar los\u00a0<strong>archivos digitales \u00a0para imprenta PDF, <\/strong>de preferencia se\u00a0recomienda convertirlos a curvas) tambi\u00e9n en cualquier otro formato \u00a0(JPG, TIFF, pero tratar que sea PDF).<\/p>\n<p style=\"text-align: center;\"><span style=\"color: #ff0000;\"><strong>TEXTOS BLANCOS<\/strong><\/span><\/p>\n<p style=\"text-align: center;\">No se deber\u00edan hacer textos en blanco muy peque\u00f1os \u00a0en los <strong>archivos digitales para imprenta<\/strong>, especialmente cuando est\u00e1n rodeados de fondos de m\u00e1s de un color y\/o obscuros; \u00a0esto permitir\u00e1 tener un registro menos suceptible a fallas por los movimientos naturales de las prensas y sobre todo cuando el papel no tiene recubrimiento como bond o diario o bien es \u00a0delgado digamos de 100gr para abajo .<\/p>\n<p style=\"text-align: center;\"><span style=\"color: #ff0000;\"><strong>PLASTAS NEGRAS<\/strong><\/span><\/p>\n<p style=\"text-align: center;\">No es necesario poner exceso de 3 \u00f3 4 colores de CMYK \u00a0para lograr un negro intenso en los\u00a0<strong>archivos digitales \u00a0para imprenta <\/strong> , se consigue una buena intensidad con un 100% de negro (k) y un 30-40% de cyan, facilitando as\u00ed el trabajo del operador de la prensa a quien se \u00a0le dificulta m\u00e1s el trabajo y llega a tener m\u00e1s fallas de registro, repinte, etc. cuando la cantidad de tinta es excesiva.<\/p>\n<p style=\"text-align: center;\"><span style=\"color: #ff0000;\"><strong>EMPATES<\/strong><\/span><\/p>\n<p style=\"text-align: center;\">En los <strong>archivos digitales<\/strong> para imprenta, los empates de tono o alineaci\u00f3n entre dos p\u00e1ginas cont\u00ednuas, se prestan a falta de uniformidad en el impreso, por lo que se sugiere no abusar de los mismos.<\/p>\n<p style=\"text-align: center;\"><span style=\"color: #ff0000;\"><strong>GRISES EN SELECCI\u00d3N<\/strong><\/span><\/p>\n<p style=\"text-align: center;\">En los\u00a0<strong>archivos digitales \u00a0para imprenta, l<\/strong>as im\u00e1genes o tonos grises para impresi\u00f3n de color, contienen una proporci\u00f3n de cada tono <strong>C<\/strong> (cyan), <strong>M<\/strong> (magenta), <strong>Y<\/strong> (yellow-amarillo),\u00a0por lo que son suceptibles de que sufran variacion de color durante la impresi\u00f3n, por lo que es preferible que se supla por <strong>K<\/strong> (negro), hasta\u00a0\u00a0el punto donde se vean con ese mismo tono el encimamiento de los otros tres colores de impresi\u00f3n.<\/p>\n<p style=\"text-align: center;\"><span style=\"color: #ff0000;\"><strong>COMPAGINACI\u00d2N<\/strong><\/span><\/p>\n<p style=\"text-align: center;\">Las p\u00e1ginas deber\u00e1n enviarlas separadas, de una en una para nosotros compaginarlas, indicando en cada archivo PDF el n\u00famero real de la posici\u00f3n que cada p\u00e1gina llevar\u00e1 dentro de la publicaci\u00f3n, \u00f3 bi\u00e9n 1a, 2a, 3a, 4a de portada u otro componente, cabe hacer notar que el n\u00famero del folio en la p\u00e1gina, no siempre corresponde a la secuencia real dentro del ejemplar.<\/p>\n<p style=\"text-align: center;\"><span style=\"color: #ff0000;\"><strong>COMPOSICI\u00d3N DE COLORES<\/strong><\/span><\/p>\n<p style=\"text-align: center;\">Las im\u00e1genes de color deben convertirse a \u00a0<strong>CMYK<\/strong>, no sirven en\u00a0<strong>RGB<\/strong>, Si es una tinta deben convertirse a escala de grises. Los pantones tambi\u00e9n deben ser en\u00a0<strong>CMYK <\/strong>en los\u00a0archivos digitales \u00a0para imprenta\u00a0, pero si son directos se manejan como una tinta.<\/p>\n<p style=\"text-align: center;\"><span style=\"color: #ff0000;\"><strong>RESOLUCION<\/strong><\/span><\/p>\n<p style=\"text-align: center;\"><span style=\"color: #ff0000;\"><strong><span style=\"color: #333333;\">P<\/span><\/strong><span style=\"color: #333333;\">ara im\u00e1genes de calidad en color \u00a0en los\u00a0<strong>archivos digitales \u00a0para imprenta, <\/strong>debe ser 300 DPI y para otras de menos exigencia, como las de escala de grises en \u00a0240 DPI.<\/span><\/span><\/p>\n<p style=\"text-align: center;\"><span style=\"color: #333333;\"><br \/>\n<\/span><\/p>\n<p style=\"text-align: center;\"><strong><span style=\"color: #ff0000;\">MONITOR DE LA COMPUTADORA<\/span><\/strong><\/p>\n<p style=\"text-align: center;\"><span style=\"color: #333333;\">El monitor debe estar calibrado y ser de buena resoluci\u00f3n, de otra manera los colores que se ven al dise\u00f1ar, pueden salir diferentes al imprimirse.<\/span><\/p>\n<p style=\"text-align: center;\"><strong><strong>FORMATOS DE ARCHIVOS<\/strong><\/strong><\/p>\n<p><span style=\"text-align: center;\">Procurar que\u00a0los\u00a0<\/span><strong style=\"text-align: center;\">archivos digitales \u00a0para imprenta, <\/strong><span style=\"text-align: center;\">sean\u00a0<\/span><strong style=\"text-align: center;\">PDF\u00b4s<\/strong><span style=\"text-align: center;\"> para respetar el dise\u00f1o enviado y que no se modifiquen al enviarlos a la filmaci\u00f3n de placas.<\/span><\/p>\n<p>&nbsp;<\/p>\n<h5 style=\"text-align: center;\"><span style=\"color: #ff0000;\"><strong>SI SE TOMAN EN CUENTA TODAS LAS SUGERENCIAS ANTERIORES, SE FACILITA EL TRABAJO DEL IMPRESOR PARA LOGRAR MEJORES RESULTADOS EN CALIDAD Y TIEMPOS DE PROCESO.<\/strong><\/span><\/h5>\n\n<div class=\"wpcf7 no-js\" id=\"wpcf7-f2310-o1\" lang=\"es-MX\" dir=\"ltr\" data-wpcf7-id=\"2310\">\n<div class=\"screen-reader-response\"><p role=\"status\" aria-live=\"polite\" aria-atomic=\"true\"><\/p> <ul><\/ul><\/div>\n<form action=\"\/imprenta\/wp-json\/wp\/v2\/pages\/2#wpcf7-f2310-o1\" method=\"post\" class=\"wpcf7-form init\" aria-label=\"Formulario de contacto\" novalidate=\"novalidate\" data-status=\"init\">\n<div style=\"display: none;\">\n<input type=\"hidden\" name=\"_wpcf7\" value=\"2310\" \/>\n<input type=\"hidden\" name=\"_wpcf7_version\" value=\"6.0.6\" \/>\n<input type=\"hidden\" name=\"_wpcf7_locale\" value=\"es_MX\" \/>\n<input type=\"hidden\" name=\"_wpcf7_unit_tag\" value=\"wpcf7-f2310-o1\" \/>\n<input type=\"hidden\" name=\"_wpcf7_container_post\" value=\"0\" \/>\n<input type=\"hidden\" name=\"_wpcf7_posted_data_hash\" value=\"\" \/>\n<input type=\"hidden\" name=\"_wpcf7_recaptcha_response\" value=\"\" \/>\n<\/div>\n<p><label> NOMBRE<br \/>\n<span class=\"wpcf7-form-control-wrap\" data-name=\"your-name\"><input size=\"40\" maxlength=\"400\" class=\"wpcf7-form-control wpcf7-text wpcf7-validates-as-required\" aria-required=\"true\" aria-invalid=\"false\" value=\"\" type=\"text\" name=\"your-name\" \/><\/span> <\/label>\n<\/p>\n<p><label> CORREO<br \/>\n<span class=\"wpcf7-form-control-wrap\" data-name=\"your-email\"><input size=\"40\" maxlength=\"400\" class=\"wpcf7-form-control wpcf7-email wpcf7-validates-as-required wpcf7-text wpcf7-validates-as-email\" aria-required=\"true\" aria-invalid=\"false\" value=\"\" type=\"email\" name=\"your-email\" \/><\/span> <\/label>\n<\/p>\n<p><label> ASUNTO<br \/>\n<span class=\"wpcf7-form-control-wrap\" data-name=\"your-subject\"><input size=\"40\" maxlength=\"400\" class=\"wpcf7-form-control wpcf7-text\" aria-invalid=\"false\" value=\"\" type=\"text\" name=\"your-subject\" \/><\/span> <\/label>\n<\/p>\n<p><label> MENSAJE<br \/>\n<span class=\"wpcf7-form-control-wrap\" data-name=\"your-message\"><textarea cols=\"40\" rows=\"10\" maxlength=\"2000\" class=\"wpcf7-form-control wpcf7-textarea\" aria-invalid=\"false\" name=\"your-message\"><\/textarea><\/span> <\/label>\n<\/p>\n<p><input class=\"wpcf7-form-control wpcf7-submit has-spinner\" type=\"submit\" value=\"ENVIAR\" \/>\n<\/p><label class=\"apbct_special_field\" id=\"apbct_label_id88734\" for=\"apbct__email_id__wp_contact_form_7_88734\">88734<\/label><input \n        id=\"apbct__email_id__wp_contact_form_7_88734\" \n        class=\"apbct_special_field apbct__email_id__wp_contact_form_7\"\n        autocomplete=\"off\" \n        name=\"apbct__email_id__wp_contact_form_7_88734\"  \n        type=\"text\" \n        value=\"88734\" \n        size=\"30\" \n        apbct_event_id=\"88734\"\n        maxlength=\"200\" \n    \/><input \n        id=\"apbct_event_id_wp_contact_form_7_88734\"\n        class=\"apbct_special_field\"\n        name=\"apbct_event_id\"\n        type=\"hidden\" \n        value=\"88734\" \n            \/><div class=\"wpcf7-response-output\" aria-hidden=\"true\"><\/div>\n<\/form>\n<\/div>\n\n<h4 id=\"watch-headline-title\" style=\"text-align: center;\">Tutorial Adobe InDesign \/\/Creaci\u00f3n de Archivos Digitales \u00a0Revista<\/h4>\n<p><iframe data-src=\"http:\/\/www.youtube-nocookie.com\/embed\/yStXEaYr25c?rel=0\" width=\"570\" height=\"350\" frameborder=\"0\" src=\"data:image\/svg+xml;base64,PHN2ZyB3aWR0aD0iMSIgaGVpZ2h0PSIxIiB4bWxucz0iaHR0cDovL3d3dy53My5vcmcvMjAwMC9zdmciPjwvc3ZnPg==\" class=\"lazyload\" data-load-mode=\"1\"><\/iframe><\/p>\n<h4 id=\"watch-headline-title\" style=\"text-align: center;\">\u00a0Tutorial Corel Draw Archivos Digitales Portada Revista<\/h4>\n<p><iframe data-src=\"http:\/\/www.youtube-nocookie.com\/embed\/lOnFEhVOf50?rel=0\" width=\"570\" height=\"350\" frameborder=\"0\" src=\"data:image\/svg+xml;base64,PHN2ZyB3aWR0aD0iMSIgaGVpZ2h0PSIxIiB4bWxucz0iaHR0cDovL3d3dy53My5vcmcvMjAwMC9zdmciPjwvc3ZnPg==\" class=\"lazyload\" data-load-mode=\"1\"><\/iframe><\/p>\n<p><a href=\"http:\/\/www.fotonostra.com\/digital\/formatosarchivos.htm\" target=\"_blank\" rel=\"nofollow noopener noreferrer\">Enlace archivos digitales<\/a><\/p>\n<p><a href=\"http:\/\/www.digitalfotored.com\/imagendigital\/formatosarchivos.htm\" target=\"_blank\" rel=\"nofollow noopener noreferrer\">Archivos digitales<\/a><\/p>\n<h3 style=\"text-align: center;\"><span style=\"color: #ff0000;\"><span style=\"font-weight: 800;\"><span style=\"color: #c0c0c0;\">&#8211; Debari calidad de archivos digitales &#8211;<\/span> <\/span><\/span><\/h3>\n<p><a href=\"http:\/\/www.activesearchresults.com\/\" target=\"_blank\" rel=\"nofollow noopener noreferrer\"><img data-recalc-dims=\"1\" decoding=\"async\" data-src=\"https:\/\/i0.wp.com\/www.activesearchresults.com\/images\/asrbutton.png?resize=88%2C31\" alt=\"Active Search Results\" width=\"88\" height=\"31\" border=\"0\" src=\"data:image\/svg+xml;base64,PHN2ZyB3aWR0aD0iMSIgaGVpZ2h0PSIxIiB4bWxucz0iaHR0cDovL3d3dy53My5vcmcvMjAwMC9zdmciPjwvc3ZnPg==\" class=\"lazyload\" style=\"--smush-placeholder-width: 88px; --smush-placeholder-aspect-ratio: 88\/31;\" \/><\/a><\/p>\n","protected":false},"excerpt":{"rendered":"<p>ARCHIVOS DIGITALES PARA IMPRESION Calidad en los Archivos para Impresi\u00f3n de Revistas, Libros, Folletos, Peri\u00f3dicos y m\u00e1s. REBASE DE FONDOS O IM\u00c1GENES Que las im\u00e1genes o fondos tengan 5 mm adicionales (m\u00ednimo 3) a la linea de corte del ejemplar para evitar que queden filos blancos despu\u00e9s de que la revista se refine. AMARILLO =\u00c1REA&#8230;<\/p>\n","protected":false},"author":2,"featured_media":0,"parent":0,"menu_order":6,"comment_status":"open","ping_status":"open","template":"","meta":{"om_disable_all_campaigns":false,"_monsterinsights_skip_tracking":false,"_monsterinsights_sitenote_active":false,"_monsterinsights_sitenote_note":"","_monsterinsights_sitenote_category":0,"_uf_show_specific_survey":0,"_uf_disable_surveys":false,"_joinchat":[],"footnotes":""},"class_list":["post-2","page","type-page","status-publish","hentry"],"yoast_head":"<!-- This site is optimized with the Yoast SEO plugin v27.2 - https:\/\/yoast.com\/product\/yoast-seo-wordpress\/ -->\n<title>Calidad de Archivos Digitales - Imprentas: Revistas, Libros ...<\/title>\n<meta name=\"robots\" content=\"index, follow, max-snippet:-1, max-image-preview:large, max-video-preview:-1\" \/>\n<link rel=\"canonical\" href=\"https:\/\/www.imprentas.org.mx\/imprenta\/calidadarchivos\/\" \/>\n<meta property=\"og:locale\" content=\"es_MX\" \/>\n<meta property=\"og:type\" content=\"article\" \/>\n<meta property=\"og:title\" content=\"Calidad de Archivos Digitales - Imprentas: Revistas, Libros ...\" \/>\n<meta property=\"og:description\" content=\"ARCHIVOS DIGITALES PARA IMPRESION Calidad en los Archivos para Impresi\u00f3n de Revistas, Libros, Folletos, Peri\u00f3dicos y m\u00e1s. REBASE DE FONDOS O IM\u00c1GENES Que las im\u00e1genes o fondos tengan 5 mm adicionales (m\u00ednimo 3) a la linea de corte del ejemplar para evitar que queden filos blancos despu\u00e9s de que la revista se refine. AMARILLO =\u00c1REA...\" \/>\n<meta property=\"og:url\" content=\"https:\/\/www.imprentas.org.mx\/imprenta\/calidadarchivos\/\" \/>\n<meta property=\"og:site_name\" content=\"Imprentas: Revistas, Libros ...\" \/>\n<meta property=\"article:publisher\" content=\"https:\/\/www.facebook.com\/imprenta.debari\" \/>\n<meta property=\"article:modified_time\" content=\"2019-05-11T17:49:36+00:00\" \/>\n<meta property=\"og:image\" content=\"http:\/\/www.imprentas.org.mx\/imprenta\/wp-content\/uploads\/2011\/04\/logito-imprentas-copy.jpg\" \/>\n<meta name=\"twitter:card\" content=\"summary_large_image\" \/>\n<meta name=\"twitter:site\" content=\"@DEBARISERV\" \/>\n<meta name=\"twitter:label1\" content=\"Tiempo de lectura\" \/>\n\t<meta name=\"twitter:data1\" content=\"4 minutos\" \/>\n<script type=\"application\/ld+json\" class=\"yoast-schema-graph\">{\"@context\":\"https:\/\/schema.org\",\"@graph\":[{\"@type\":\"WebPage\",\"@id\":\"https:\/\/www.imprentas.org.mx\/imprenta\/calidadarchivos\/\",\"url\":\"https:\/\/www.imprentas.org.mx\/imprenta\/calidadarchivos\/\",\"name\":\"Calidad de Archivos Digitales - Imprentas: Revistas, Libros ...\",\"isPartOf\":{\"@id\":\"https:\/\/www.imprentas.org.mx\/imprenta\/#website\"},\"primaryImageOfPage\":{\"@id\":\"https:\/\/www.imprentas.org.mx\/imprenta\/calidadarchivos\/#primaryimage\"},\"image\":{\"@id\":\"https:\/\/www.imprentas.org.mx\/imprenta\/calidadarchivos\/#primaryimage\"},\"thumbnailUrl\":\"http:\/\/www.imprentas.org.mx\/imprenta\/wp-content\/uploads\/2011\/04\/logito-imprentas-copy.jpg\",\"datePublished\":\"2011-04-01T06:14:45+00:00\",\"dateModified\":\"2019-05-11T17:49:36+00:00\",\"breadcrumb\":{\"@id\":\"https:\/\/www.imprentas.org.mx\/imprenta\/calidadarchivos\/#breadcrumb\"},\"inLanguage\":\"es\",\"potentialAction\":[{\"@type\":\"ReadAction\",\"target\":[\"https:\/\/www.imprentas.org.mx\/imprenta\/calidadarchivos\/\"]}]},{\"@type\":\"ImageObject\",\"inLanguage\":\"es\",\"@id\":\"https:\/\/www.imprentas.org.mx\/imprenta\/calidadarchivos\/#primaryimage\",\"url\":\"http:\/\/www.imprentas.org.mx\/imprenta\/wp-content\/uploads\/2011\/04\/logito-imprentas-copy.jpg\",\"contentUrl\":\"http:\/\/www.imprentas.org.mx\/imprenta\/wp-content\/uploads\/2011\/04\/logito-imprentas-copy.jpg\"},{\"@type\":\"BreadcrumbList\",\"@id\":\"https:\/\/www.imprentas.org.mx\/imprenta\/calidadarchivos\/#breadcrumb\",\"itemListElement\":[{\"@type\":\"ListItem\",\"position\":1,\"name\":\"Inicio\",\"item\":\"https:\/\/www.imprentas.org.mx\/imprenta\/\"},{\"@type\":\"ListItem\",\"position\":2,\"name\":\"Calidad de Archivos Digitales\"}]},{\"@type\":\"WebSite\",\"@id\":\"https:\/\/www.imprentas.org.mx\/imprenta\/#website\",\"url\":\"https:\/\/www.imprentas.org.mx\/imprenta\/\",\"name\":\"Imprentas: Revistas, Libros ...\",\"description\":\"Servicio en Impresi\u00f3n, Hoja, Rotativa, Digital, Encuadernaci\u00f3n.\",\"publisher\":{\"@id\":\"https:\/\/www.imprentas.org.mx\/imprenta\/#organization\"},\"potentialAction\":[{\"@type\":\"SearchAction\",\"target\":{\"@type\":\"EntryPoint\",\"urlTemplate\":\"https:\/\/www.imprentas.org.mx\/imprenta\/?s={search_term_string}\"},\"query-input\":{\"@type\":\"PropertyValueSpecification\",\"valueRequired\":true,\"valueName\":\"search_term_string\"}}],\"inLanguage\":\"es\"},{\"@type\":\"Organization\",\"@id\":\"https:\/\/www.imprentas.org.mx\/imprenta\/#organization\",\"name\":\"Imprentas Debari\",\"url\":\"https:\/\/www.imprentas.org.mx\/imprenta\/\",\"logo\":{\"@type\":\"ImageObject\",\"inLanguage\":\"es\",\"@id\":\"https:\/\/www.imprentas.org.mx\/imprenta\/#\/schema\/logo\/image\/\",\"url\":\"https:\/\/i0.wp.com\/www.imprentas.org.mx\/imprenta\/wp-content\/uploads\/2019\/03\/logoimprentas-e1557587303134.jpg?fit=135%2C95&ssl=1\",\"contentUrl\":\"https:\/\/i0.wp.com\/www.imprentas.org.mx\/imprenta\/wp-content\/uploads\/2019\/03\/logoimprentas-e1557587303134.jpg?fit=135%2C95&ssl=1\",\"width\":135,\"height\":95,\"caption\":\"Imprentas Debari\"},\"image\":{\"@id\":\"https:\/\/www.imprentas.org.mx\/imprenta\/#\/schema\/logo\/image\/\"},\"sameAs\":[\"https:\/\/www.facebook.com\/imprenta.debari\",\"https:\/\/x.com\/DEBARISERV\",\"https:\/\/www.instagram.com\/p\/BxsUq56nHI1\/?igshid=s2fcgcgxwafw\",\"https:\/\/www.linkedin.com\/in\/imprentas-debari-625a7026\/\",\"https:\/\/www.pinterest.com\/imprentasdebari\"]}]}<\/script>\n<!-- \/ Yoast SEO plugin. -->","yoast_head_json":{"title":"Calidad de Archivos Digitales - Imprentas: Revistas, Libros ...","robots":{"index":"index","follow":"follow","max-snippet":"max-snippet:-1","max-image-preview":"max-image-preview:large","max-video-preview":"max-video-preview:-1"},"canonical":"https:\/\/www.imprentas.org.mx\/imprenta\/calidadarchivos\/","og_locale":"es_MX","og_type":"article","og_title":"Calidad de Archivos Digitales - Imprentas: Revistas, Libros ...","og_description":"ARCHIVOS DIGITALES PARA IMPRESION Calidad en los Archivos para Impresi\u00f3n de Revistas, Libros, Folletos, Peri\u00f3dicos y m\u00e1s. REBASE DE FONDOS O IM\u00c1GENES Que las im\u00e1genes o fondos tengan 5 mm adicionales (m\u00ednimo 3) a la linea de corte del ejemplar para evitar que queden filos blancos despu\u00e9s de que la revista se refine. AMARILLO =\u00c1REA...","og_url":"https:\/\/www.imprentas.org.mx\/imprenta\/calidadarchivos\/","og_site_name":"Imprentas: Revistas, Libros ...","article_publisher":"https:\/\/www.facebook.com\/imprenta.debari","article_modified_time":"2019-05-11T17:49:36+00:00","og_image":[{"url":"http:\/\/www.imprentas.org.mx\/imprenta\/wp-content\/uploads\/2011\/04\/logito-imprentas-copy.jpg","type":"","width":"","height":""}],"twitter_card":"summary_large_image","twitter_site":"@DEBARISERV","twitter_misc":{"Tiempo de lectura":"4 minutos"},"schema":{"@context":"https:\/\/schema.org","@graph":[{"@type":"WebPage","@id":"https:\/\/www.imprentas.org.mx\/imprenta\/calidadarchivos\/","url":"https:\/\/www.imprentas.org.mx\/imprenta\/calidadarchivos\/","name":"Calidad de Archivos Digitales - Imprentas: Revistas, Libros ...","isPartOf":{"@id":"https:\/\/www.imprentas.org.mx\/imprenta\/#website"},"primaryImageOfPage":{"@id":"https:\/\/www.imprentas.org.mx\/imprenta\/calidadarchivos\/#primaryimage"},"image":{"@id":"https:\/\/www.imprentas.org.mx\/imprenta\/calidadarchivos\/#primaryimage"},"thumbnailUrl":"http:\/\/www.imprentas.org.mx\/imprenta\/wp-content\/uploads\/2011\/04\/logito-imprentas-copy.jpg","datePublished":"2011-04-01T06:14:45+00:00","dateModified":"2019-05-11T17:49:36+00:00","breadcrumb":{"@id":"https:\/\/www.imprentas.org.mx\/imprenta\/calidadarchivos\/#breadcrumb"},"inLanguage":"es","potentialAction":[{"@type":"ReadAction","target":["https:\/\/www.imprentas.org.mx\/imprenta\/calidadarchivos\/"]}]},{"@type":"ImageObject","inLanguage":"es","@id":"https:\/\/www.imprentas.org.mx\/imprenta\/calidadarchivos\/#primaryimage","url":"http:\/\/www.imprentas.org.mx\/imprenta\/wp-content\/uploads\/2011\/04\/logito-imprentas-copy.jpg","contentUrl":"http:\/\/www.imprentas.org.mx\/imprenta\/wp-content\/uploads\/2011\/04\/logito-imprentas-copy.jpg"},{"@type":"BreadcrumbList","@id":"https:\/\/www.imprentas.org.mx\/imprenta\/calidadarchivos\/#breadcrumb","itemListElement":[{"@type":"ListItem","position":1,"name":"Inicio","item":"https:\/\/www.imprentas.org.mx\/imprenta\/"},{"@type":"ListItem","position":2,"name":"Calidad de Archivos Digitales"}]},{"@type":"WebSite","@id":"https:\/\/www.imprentas.org.mx\/imprenta\/#website","url":"https:\/\/www.imprentas.org.mx\/imprenta\/","name":"Imprentas: Revistas, Libros ...","description":"Servicio en Impresi\u00f3n, Hoja, Rotativa, Digital, Encuadernaci\u00f3n.","publisher":{"@id":"https:\/\/www.imprentas.org.mx\/imprenta\/#organization"},"potentialAction":[{"@type":"SearchAction","target":{"@type":"EntryPoint","urlTemplate":"https:\/\/www.imprentas.org.mx\/imprenta\/?s={search_term_string}"},"query-input":{"@type":"PropertyValueSpecification","valueRequired":true,"valueName":"search_term_string"}}],"inLanguage":"es"},{"@type":"Organization","@id":"https:\/\/www.imprentas.org.mx\/imprenta\/#organization","name":"Imprentas Debari","url":"https:\/\/www.imprentas.org.mx\/imprenta\/","logo":{"@type":"ImageObject","inLanguage":"es","@id":"https:\/\/www.imprentas.org.mx\/imprenta\/#\/schema\/logo\/image\/","url":"https:\/\/i0.wp.com\/www.imprentas.org.mx\/imprenta\/wp-content\/uploads\/2019\/03\/logoimprentas-e1557587303134.jpg?fit=135%2C95&ssl=1","contentUrl":"https:\/\/i0.wp.com\/www.imprentas.org.mx\/imprenta\/wp-content\/uploads\/2019\/03\/logoimprentas-e1557587303134.jpg?fit=135%2C95&ssl=1","width":135,"height":95,"caption":"Imprentas Debari"},"image":{"@id":"https:\/\/www.imprentas.org.mx\/imprenta\/#\/schema\/logo\/image\/"},"sameAs":["https:\/\/www.facebook.com\/imprenta.debari","https:\/\/x.com\/DEBARISERV","https:\/\/www.instagram.com\/p\/BxsUq56nHI1\/?igshid=s2fcgcgxwafw","https:\/\/www.linkedin.com\/in\/imprentas-debari-625a7026\/","https:\/\/www.pinterest.com\/imprentasdebari"]}]}},"jetpack_sharing_enabled":true,"_links":{"self":[{"href":"https:\/\/www.imprentas.org.mx\/imprenta\/wp-json\/wp\/v2\/pages\/2","targetHints":{"allow":["GET"]}}],"collection":[{"href":"https:\/\/www.imprentas.org.mx\/imprenta\/wp-json\/wp\/v2\/pages"}],"about":[{"href":"https:\/\/www.imprentas.org.mx\/imprenta\/wp-json\/wp\/v2\/types\/page"}],"author":[{"embeddable":true,"href":"https:\/\/www.imprentas.org.mx\/imprenta\/wp-json\/wp\/v2\/users\/2"}],"replies":[{"embeddable":true,"href":"https:\/\/www.imprentas.org.mx\/imprenta\/wp-json\/wp\/v2\/comments?post=2"}],"version-history":[{"count":41,"href":"https:\/\/www.imprentas.org.mx\/imprenta\/wp-json\/wp\/v2\/pages\/2\/revisions"}],"predecessor-version":[{"id":3310,"href":"https:\/\/www.imprentas.org.mx\/imprenta\/wp-json\/wp\/v2\/pages\/2\/revisions\/3310"}],"wp:attachment":[{"href":"https:\/\/www.imprentas.org.mx\/imprenta\/wp-json\/wp\/v2\/media?parent=2"}],"curies":[{"name":"wp","href":"https:\/\/api.w.org\/{rel}","templated":true}]}}