{"id":289,"date":"2011-04-06T15:45:54","date_gmt":"2011-04-06T15:45:54","guid":{"rendered":"http:\/\/imprentas.org.mx\/imprenta\/?page_id=289"},"modified":"2019-05-10T15:39:39","modified_gmt":"2019-05-10T15:39:39","slug":"encuadernacion","status":"publish","type":"page","link":"https:\/\/www.imprentas.org.mx\/imprenta\/encuadernacion\/","title":{"rendered":"Encuadernaci\u00f3n"},"content":{"rendered":"<div id=\"fb_share_1\" style=\"float: right; margin-left: 10px;;width: 55px;\" name=\"fb_share\"><div id=\"fb-root\"><\/div><script src=\"http:\/\/connect.facebook.net\/en_US\/all.js#appId=125029517579627&amp;xfbml=1\"><\/script><fb:like href=\"https:\/\/www.imprentas.org.mx\/imprenta\/encuadernacion\/\" send=\"false\" layout=\"button\" width=\"55\" show_faces=\"false\" font=\"arial\"><\/fb:like><\/div><h2 style=\"text-align: center;\"><a href=\"https:\/\/i0.wp.com\/imprentas.org.mx\/imprenta\/wp-content\/uploads\/2011\/04\/logo-TIC4.jpg\" target=\"_blank\" rel=\"nofollow noopener noreferrer\"><img data-recalc-dims=\"1\" decoding=\"async\" data-src=\"https:\/\/i0.wp.com\/imprentas.org.mx\/imprenta\/wp-content\/uploads\/2011\/09\/logo-web-imprentas.png\" alt=\"\" src=\"data:image\/svg+xml;base64,PHN2ZyB3aWR0aD0iMSIgaGVpZ2h0PSIxIiB4bWxucz0iaHR0cDovL3d3dy53My5vcmcvMjAwMC9zdmciPjwvc3ZnPg==\" class=\"lazyload\" \/><\/a><\/h2>\n<h1 style=\"text-align: center;\"><span style=\"color: #0000ff;\"><strong><em><span style=\"text-decoration: underline;\">Encuadernaci\u00f3n a grapa de:<\/span><\/em><\/strong><\/span><\/h1>\n<h2 style=\"text-align: center;\"><span style=\"color: #008000;\"> Revistas y Folletos<\/span><\/h2>\n<p style=\"text-align: center;\"><span style=\"color: #008000;\"><a href=\"https:\/\/i0.wp.com\/imprentas.org.mx\/imprenta\/wp-content\/uploads\/2011\/04\/GRAPA.jpg\" target=\"_blank\" rel=\"nofollow noopener noreferrer\"><img data-recalc-dims=\"1\" fetchpriority=\"high\" decoding=\"async\" class=\"size-medium wp-image-1363 aligncenter\" style=\"border-image: initial; border: 4px solid blue;\" title=\"GRAPA\" src=\"https:\/\/i0.wp.com\/imprentas.org.mx\/imprenta\/wp-content\/uploads\/2011\/04\/GRAPA-224x300.jpg?resize=224%2C300\" alt=\"Encuadernacion\" width=\"224\" height=\"300\" srcset=\"https:\/\/i0.wp.com\/www.imprentas.org.mx\/imprenta\/wp-content\/uploads\/2011\/04\/GRAPA.jpg?resize=224%2C300&amp;ssl=1 224w, https:\/\/i0.wp.com\/www.imprentas.org.mx\/imprenta\/wp-content\/uploads\/2011\/04\/GRAPA.jpg?resize=768%2C1024&amp;ssl=1 768w, https:\/\/i0.wp.com\/www.imprentas.org.mx\/imprenta\/wp-content\/uploads\/2011\/04\/GRAPA.jpg?w=1704&amp;ssl=1 1704w\" sizes=\"(max-width: 224px) 100vw, 224px\" \/><\/a><\/span><\/p>\n<h2 style=\"text-align: center;\"><span style=\"color: #008000;\"><strong><em><span style=\"text-decoration: underline;\">Encuadernaci\u00f3n en hotmelt:<\/span><\/em><\/strong><\/span><\/h2>\n<h2 style=\"text-align: center;\"><span style=\"color: #006b00;\">Libros y Revistas de 40 pags. en adelante<\/span><\/h2>\n<p style=\"text-align: center;\"><iframe data-src=\"http:\/\/www.youtube-nocookie.com\/embed\/skJZODWKdfE?rel=0\" width=\"300\" height=\"250\" frameborder=\"0\" src=\"data:image\/svg+xml;base64,PHN2ZyB3aWR0aD0iMSIgaGVpZ2h0PSIxIiB4bWxucz0iaHR0cDovL3d3dy53My5vcmcvMjAwMC9zdmciPjwvc3ZnPg==\" class=\"lazyload\" data-load-mode=\"1\"><\/iframe><\/p>\n<p style=\"text-align: center;\">Se llama <b>encuadernaci\u00f3n<\/b> a la acci\u00f3n de coser, pegar, grapar o fijar varias hojas sueltas o pliegos o cuadernos generalmente de papel y ponerles cubiertas. (wikipedia)<\/p>\n<p style=\"text-align: center;\">La encuadernacion es un\u00a0 proceso compuesto de varios subprocesos como son el corte, doblez, intercalado, pegado \u00f3 engrapado y refine final al tama\u00f1o\u00a0del ejemplar, con el fin de conservar y poder presentar al lector el contenido en forma organizada, hay gran variedad en los metodos para llevar a cabo la encuadernacion, asi como diversos materiales\u00a0\u00a0que permiten el acabado de calidad.<\/p>\n<p style=\"text-align: left;\">Existen otros metodos de encuadernacion aparte del engrapado y el pegado tipo libros, estos pueden ser engargolado o simplemente intercalados entre otros<\/p>\n<p style=\"text-align: left;\">La presentaci\u00f3n de la encuadernacion var\u00eda desde un acabado simple hasta el realizado para libros de arte como son la pasta dura con piel, vinil u otros<\/p>\n<h3 style=\"text-align: center;\"><span style=\"color: #006b00;\"><em>Encuadernaci\u00f3n<\/em> <em>de calidad\u00a0a buen precio es nuestros objetivo.<\/em><\/span><\/h3>\n\n<div class=\"wpcf7 no-js\" id=\"wpcf7-f2310-o1\" lang=\"es-MX\" dir=\"ltr\" data-wpcf7-id=\"2310\">\n<div class=\"screen-reader-response\"><p role=\"status\" aria-live=\"polite\" aria-atomic=\"true\"><\/p> <ul><\/ul><\/div>\n<form action=\"\/imprenta\/wp-json\/wp\/v2\/pages\/289#wpcf7-f2310-o1\" method=\"post\" class=\"wpcf7-form init\" aria-label=\"Formulario de contacto\" novalidate=\"novalidate\" data-status=\"init\">\n<div style=\"display: none;\">\n<input type=\"hidden\" name=\"_wpcf7\" value=\"2310\" \/>\n<input type=\"hidden\" name=\"_wpcf7_version\" value=\"6.0.6\" \/>\n<input type=\"hidden\" name=\"_wpcf7_locale\" value=\"es_MX\" \/>\n<input type=\"hidden\" name=\"_wpcf7_unit_tag\" value=\"wpcf7-f2310-o1\" \/>\n<input type=\"hidden\" name=\"_wpcf7_container_post\" value=\"0\" \/>\n<input type=\"hidden\" name=\"_wpcf7_posted_data_hash\" value=\"\" \/>\n<input type=\"hidden\" name=\"_wpcf7_recaptcha_response\" value=\"\" \/>\n<\/div>\n<p><label> NOMBRE<br \/>\n<span class=\"wpcf7-form-control-wrap\" data-name=\"your-name\"><input size=\"40\" maxlength=\"400\" class=\"wpcf7-form-control wpcf7-text wpcf7-validates-as-required\" aria-required=\"true\" aria-invalid=\"false\" value=\"\" type=\"text\" name=\"your-name\" \/><\/span> <\/label>\n<\/p>\n<p><label> CORREO<br \/>\n<span class=\"wpcf7-form-control-wrap\" data-name=\"your-email\"><input size=\"40\" maxlength=\"400\" class=\"wpcf7-form-control wpcf7-email wpcf7-validates-as-required wpcf7-text wpcf7-validates-as-email\" aria-required=\"true\" aria-invalid=\"false\" value=\"\" type=\"email\" name=\"your-email\" \/><\/span> <\/label>\n<\/p>\n<p><label> ASUNTO<br \/>\n<span class=\"wpcf7-form-control-wrap\" data-name=\"your-subject\"><input size=\"40\" maxlength=\"400\" class=\"wpcf7-form-control wpcf7-text\" aria-invalid=\"false\" value=\"\" type=\"text\" name=\"your-subject\" \/><\/span> <\/label>\n<\/p>\n<p><label> MENSAJE<br \/>\n<span class=\"wpcf7-form-control-wrap\" data-name=\"your-message\"><textarea cols=\"40\" rows=\"10\" maxlength=\"2000\" class=\"wpcf7-form-control wpcf7-textarea\" aria-invalid=\"false\" name=\"your-message\"><\/textarea><\/span> <\/label>\n<\/p>\n<p><input class=\"wpcf7-form-control wpcf7-submit has-spinner\" type=\"submit\" value=\"ENVIAR\" \/>\n<\/p><label class=\"apbct_special_field\" id=\"apbct_label_id43549\" for=\"apbct__email_id__wp_contact_form_7_43549\">43549<\/label><input \n        id=\"apbct__email_id__wp_contact_form_7_43549\" \n        class=\"apbct_special_field apbct__email_id__wp_contact_form_7\"\n        autocomplete=\"off\" \n        name=\"apbct__email_id__wp_contact_form_7_43549\"  \n        type=\"text\" \n        value=\"43549\" \n        size=\"30\" \n        apbct_event_id=\"43549\"\n        maxlength=\"200\" \n    \/><input \n        id=\"apbct_event_id_wp_contact_form_7_43549\"\n        class=\"apbct_special_field\"\n        name=\"apbct_event_id\"\n        type=\"hidden\" \n        value=\"43549\" \n            \/><div class=\"wpcf7-response-output\" aria-hidden=\"true\"><\/div>\n<\/form>\n<\/div>\n\n<p><!-- Google Code for Libros <span style=\"text-decoration:underline;\">encuadernacion<\/span> Conversion Page --><br \/>\n<script type=\"text\/javascript\">\/\/ <![CDATA[ var google_conversion_id = 986198463; var google_conversion_language = \"es\"; var google_conversion_format = \"2\"; var google_conversion_color = \"ffffff\"; var google_conversion_label = \"8wnbCOG82QIQv-Og1gM\"; var google_conversion_value = 1.00; var google_remarketing_only = false; \/\/ ]]><\/script><br \/>\n<script src=\"\/\/www.googleadservices.com\/pagead\/conversion.js\" type=\"text\/javascript\">\/\/ <![CDATA[ \/\/ ]]><\/script><br \/>\n<noscript><br \/>\n<\/noscript><\/p>\n<div style=\"display: inline;\"><img decoding=\"async\" style=\"border-style: none;\" src=\"\/\/www.googleadservices.com\/pagead\/conversion\/986198463\/?value=1.00&amp;label=8wnbCOG82QIQv-Og1gM&amp;guid=ON&amp;script=0\" alt=\"\" width=\"1\" height=\"1\" \/><\/div>\n<p><a href=\"http:\/\/www.activesearchresults.com\/\" target=\"_blank\" rel=\"nofollow noopener noreferrer\"><img data-recalc-dims=\"1\" decoding=\"async\" data-src=\"https:\/\/i0.wp.com\/www.activesearchresults.com\/images\/asrbutton.png?resize=88%2C31\" alt=\"Active Search Results\" width=\"88\" height=\"31\" border=\"0\" src=\"data:image\/svg+xml;base64,PHN2ZyB3aWR0aD0iMSIgaGVpZ2h0PSIxIiB4bWxucz0iaHR0cDovL3d3dy53My5vcmcvMjAwMC9zdmciPjwvc3ZnPg==\" class=\"lazyload\" style=\"--smush-placeholder-width: 88px; --smush-placeholder-aspect-ratio: 88\/31;\" \/><\/a><\/p>\n","protected":false},"excerpt":{"rendered":"<p>Encuadernaci\u00f3n a grapa de: Revistas y Folletos Encuadernaci\u00f3n en hotmelt: Libros y Revistas de 40 pags. en adelante Se llama encuadernaci\u00f3n a la acci\u00f3n de coser, pegar, grapar o fijar varias hojas sueltas o pliegos o cuadernos generalmente de papel y ponerles cubiertas. (wikipedia) La encuadernacion es un\u00a0 proceso compuesto de varios subprocesos como son&#8230;<\/p>\n","protected":false},"author":2,"featured_media":0,"parent":0,"menu_order":4,"comment_status":"open","ping_status":"open","template":"","meta":{"om_disable_all_campaigns":false,"_monsterinsights_skip_tracking":false,"_monsterinsights_sitenote_active":false,"_monsterinsights_sitenote_note":"","_monsterinsights_sitenote_category":0,"_uf_show_specific_survey":0,"_uf_disable_surveys":false,"_joinchat":[],"footnotes":""},"class_list":["post-289","page","type-page","status-publish","hentry"],"yoast_head":"<!-- This site is optimized with the Yoast SEO plugin v27.2 - https:\/\/yoast.com\/product\/yoast-seo-wordpress\/ -->\n<title>Encuadernaci\u00f3n - Imprentas: Revistas, Libros ...<\/title>\n<meta name=\"robots\" content=\"index, follow, max-snippet:-1, max-image-preview:large, max-video-preview:-1\" \/>\n<link rel=\"canonical\" href=\"https:\/\/www.imprentas.org.mx\/imprenta\/encuadernacion\/\" \/>\n<meta property=\"og:locale\" content=\"es_MX\" \/>\n<meta property=\"og:type\" content=\"article\" \/>\n<meta property=\"og:title\" content=\"Encuadernaci\u00f3n - Imprentas: Revistas, Libros ...\" \/>\n<meta property=\"og:description\" content=\"Encuadernaci\u00f3n a grapa de: Revistas y Folletos Encuadernaci\u00f3n en hotmelt: Libros y Revistas de 40 pags. en adelante Se llama encuadernaci\u00f3n a la acci\u00f3n de coser, pegar, grapar o fijar varias hojas sueltas o pliegos o cuadernos generalmente de papel y ponerles cubiertas. (wikipedia) La encuadernacion es un\u00a0 proceso compuesto de varios subprocesos como son...\" \/>\n<meta property=\"og:url\" content=\"https:\/\/www.imprentas.org.mx\/imprenta\/encuadernacion\/\" \/>\n<meta property=\"og:site_name\" content=\"Imprentas: Revistas, Libros ...\" \/>\n<meta property=\"article:publisher\" content=\"https:\/\/www.facebook.com\/imprenta.debari\" \/>\n<meta property=\"article:modified_time\" content=\"2019-05-10T15:39:39+00:00\" \/>\n<meta property=\"og:image\" content=\"http:\/\/imprentas.org.mx\/imprenta\/wp-content\/uploads\/2011\/09\/logo-web-imprentas.png\" \/>\n<meta name=\"twitter:card\" content=\"summary_large_image\" \/>\n<meta name=\"twitter:site\" content=\"@DEBARISERV\" \/>\n<meta name=\"twitter:label1\" content=\"Tiempo de lectura\" \/>\n\t<meta name=\"twitter:data1\" content=\"1 minuto\" \/>\n<script type=\"application\/ld+json\" class=\"yoast-schema-graph\">{\"@context\":\"https:\/\/schema.org\",\"@graph\":[{\"@type\":\"WebPage\",\"@id\":\"https:\/\/www.imprentas.org.mx\/imprenta\/encuadernacion\/\",\"url\":\"https:\/\/www.imprentas.org.mx\/imprenta\/encuadernacion\/\",\"name\":\"Encuadernaci\u00f3n - Imprentas: Revistas, Libros ...\",\"isPartOf\":{\"@id\":\"https:\/\/www.imprentas.org.mx\/imprenta\/#website\"},\"primaryImageOfPage\":{\"@id\":\"https:\/\/www.imprentas.org.mx\/imprenta\/encuadernacion\/#primaryimage\"},\"image\":{\"@id\":\"https:\/\/www.imprentas.org.mx\/imprenta\/encuadernacion\/#primaryimage\"},\"thumbnailUrl\":\"http:\/\/imprentas.org.mx\/imprenta\/wp-content\/uploads\/2011\/09\/logo-web-imprentas.png\",\"datePublished\":\"2011-04-06T15:45:54+00:00\",\"dateModified\":\"2019-05-10T15:39:39+00:00\",\"breadcrumb\":{\"@id\":\"https:\/\/www.imprentas.org.mx\/imprenta\/encuadernacion\/#breadcrumb\"},\"inLanguage\":\"es\",\"potentialAction\":[{\"@type\":\"ReadAction\",\"target\":[\"https:\/\/www.imprentas.org.mx\/imprenta\/encuadernacion\/\"]}]},{\"@type\":\"ImageObject\",\"inLanguage\":\"es\",\"@id\":\"https:\/\/www.imprentas.org.mx\/imprenta\/encuadernacion\/#primaryimage\",\"url\":\"http:\/\/imprentas.org.mx\/imprenta\/wp-content\/uploads\/2011\/09\/logo-web-imprentas.png\",\"contentUrl\":\"http:\/\/imprentas.org.mx\/imprenta\/wp-content\/uploads\/2011\/09\/logo-web-imprentas.png\"},{\"@type\":\"BreadcrumbList\",\"@id\":\"https:\/\/www.imprentas.org.mx\/imprenta\/encuadernacion\/#breadcrumb\",\"itemListElement\":[{\"@type\":\"ListItem\",\"position\":1,\"name\":\"Inicio\",\"item\":\"https:\/\/www.imprentas.org.mx\/imprenta\/\"},{\"@type\":\"ListItem\",\"position\":2,\"name\":\"Encuadernaci\u00f3n\"}]},{\"@type\":\"WebSite\",\"@id\":\"https:\/\/www.imprentas.org.mx\/imprenta\/#website\",\"url\":\"https:\/\/www.imprentas.org.mx\/imprenta\/\",\"name\":\"Imprentas: Revistas, Libros ...\",\"description\":\"Servicio en Impresi\u00f3n, Hoja, Rotativa, Digital, Encuadernaci\u00f3n.\",\"publisher\":{\"@id\":\"https:\/\/www.imprentas.org.mx\/imprenta\/#organization\"},\"potentialAction\":[{\"@type\":\"SearchAction\",\"target\":{\"@type\":\"EntryPoint\",\"urlTemplate\":\"https:\/\/www.imprentas.org.mx\/imprenta\/?s={search_term_string}\"},\"query-input\":{\"@type\":\"PropertyValueSpecification\",\"valueRequired\":true,\"valueName\":\"search_term_string\"}}],\"inLanguage\":\"es\"},{\"@type\":\"Organization\",\"@id\":\"https:\/\/www.imprentas.org.mx\/imprenta\/#organization\",\"name\":\"Imprentas Debari\",\"url\":\"https:\/\/www.imprentas.org.mx\/imprenta\/\",\"logo\":{\"@type\":\"ImageObject\",\"inLanguage\":\"es\",\"@id\":\"https:\/\/www.imprentas.org.mx\/imprenta\/#\/schema\/logo\/image\/\",\"url\":\"https:\/\/i0.wp.com\/www.imprentas.org.mx\/imprenta\/wp-content\/uploads\/2019\/03\/logoimprentas-e1557587303134.jpg?fit=135%2C95&ssl=1\",\"contentUrl\":\"https:\/\/i0.wp.com\/www.imprentas.org.mx\/imprenta\/wp-content\/uploads\/2019\/03\/logoimprentas-e1557587303134.jpg?fit=135%2C95&ssl=1\",\"width\":135,\"height\":95,\"caption\":\"Imprentas Debari\"},\"image\":{\"@id\":\"https:\/\/www.imprentas.org.mx\/imprenta\/#\/schema\/logo\/image\/\"},\"sameAs\":[\"https:\/\/www.facebook.com\/imprenta.debari\",\"https:\/\/x.com\/DEBARISERV\",\"https:\/\/www.instagram.com\/p\/BxsUq56nHI1\/?igshid=s2fcgcgxwafw\",\"https:\/\/www.linkedin.com\/in\/imprentas-debari-625a7026\/\",\"https:\/\/www.pinterest.com\/imprentasdebari\"]}]}<\/script>\n<!-- \/ Yoast SEO plugin. -->","yoast_head_json":{"title":"Encuadernaci\u00f3n - Imprentas: Revistas, Libros ...","robots":{"index":"index","follow":"follow","max-snippet":"max-snippet:-1","max-image-preview":"max-image-preview:large","max-video-preview":"max-video-preview:-1"},"canonical":"https:\/\/www.imprentas.org.mx\/imprenta\/encuadernacion\/","og_locale":"es_MX","og_type":"article","og_title":"Encuadernaci\u00f3n - Imprentas: Revistas, Libros ...","og_description":"Encuadernaci\u00f3n a grapa de: Revistas y Folletos Encuadernaci\u00f3n en hotmelt: Libros y Revistas de 40 pags. en adelante Se llama encuadernaci\u00f3n a la acci\u00f3n de coser, pegar, grapar o fijar varias hojas sueltas o pliegos o cuadernos generalmente de papel y ponerles cubiertas. (wikipedia) La encuadernacion es un\u00a0 proceso compuesto de varios subprocesos como son...","og_url":"https:\/\/www.imprentas.org.mx\/imprenta\/encuadernacion\/","og_site_name":"Imprentas: Revistas, Libros ...","article_publisher":"https:\/\/www.facebook.com\/imprenta.debari","article_modified_time":"2019-05-10T15:39:39+00:00","og_image":[{"url":"http:\/\/imprentas.org.mx\/imprenta\/wp-content\/uploads\/2011\/09\/logo-web-imprentas.png","type":"","width":"","height":""}],"twitter_card":"summary_large_image","twitter_site":"@DEBARISERV","twitter_misc":{"Tiempo de lectura":"1 minuto"},"schema":{"@context":"https:\/\/schema.org","@graph":[{"@type":"WebPage","@id":"https:\/\/www.imprentas.org.mx\/imprenta\/encuadernacion\/","url":"https:\/\/www.imprentas.org.mx\/imprenta\/encuadernacion\/","name":"Encuadernaci\u00f3n - Imprentas: Revistas, Libros ...","isPartOf":{"@id":"https:\/\/www.imprentas.org.mx\/imprenta\/#website"},"primaryImageOfPage":{"@id":"https:\/\/www.imprentas.org.mx\/imprenta\/encuadernacion\/#primaryimage"},"image":{"@id":"https:\/\/www.imprentas.org.mx\/imprenta\/encuadernacion\/#primaryimage"},"thumbnailUrl":"http:\/\/imprentas.org.mx\/imprenta\/wp-content\/uploads\/2011\/09\/logo-web-imprentas.png","datePublished":"2011-04-06T15:45:54+00:00","dateModified":"2019-05-10T15:39:39+00:00","breadcrumb":{"@id":"https:\/\/www.imprentas.org.mx\/imprenta\/encuadernacion\/#breadcrumb"},"inLanguage":"es","potentialAction":[{"@type":"ReadAction","target":["https:\/\/www.imprentas.org.mx\/imprenta\/encuadernacion\/"]}]},{"@type":"ImageObject","inLanguage":"es","@id":"https:\/\/www.imprentas.org.mx\/imprenta\/encuadernacion\/#primaryimage","url":"http:\/\/imprentas.org.mx\/imprenta\/wp-content\/uploads\/2011\/09\/logo-web-imprentas.png","contentUrl":"http:\/\/imprentas.org.mx\/imprenta\/wp-content\/uploads\/2011\/09\/logo-web-imprentas.png"},{"@type":"BreadcrumbList","@id":"https:\/\/www.imprentas.org.mx\/imprenta\/encuadernacion\/#breadcrumb","itemListElement":[{"@type":"ListItem","position":1,"name":"Inicio","item":"https:\/\/www.imprentas.org.mx\/imprenta\/"},{"@type":"ListItem","position":2,"name":"Encuadernaci\u00f3n"}]},{"@type":"WebSite","@id":"https:\/\/www.imprentas.org.mx\/imprenta\/#website","url":"https:\/\/www.imprentas.org.mx\/imprenta\/","name":"Imprentas: Revistas, Libros ...","description":"Servicio en Impresi\u00f3n, Hoja, Rotativa, Digital, Encuadernaci\u00f3n.","publisher":{"@id":"https:\/\/www.imprentas.org.mx\/imprenta\/#organization"},"potentialAction":[{"@type":"SearchAction","target":{"@type":"EntryPoint","urlTemplate":"https:\/\/www.imprentas.org.mx\/imprenta\/?s={search_term_string}"},"query-input":{"@type":"PropertyValueSpecification","valueRequired":true,"valueName":"search_term_string"}}],"inLanguage":"es"},{"@type":"Organization","@id":"https:\/\/www.imprentas.org.mx\/imprenta\/#organization","name":"Imprentas Debari","url":"https:\/\/www.imprentas.org.mx\/imprenta\/","logo":{"@type":"ImageObject","inLanguage":"es","@id":"https:\/\/www.imprentas.org.mx\/imprenta\/#\/schema\/logo\/image\/","url":"https:\/\/i0.wp.com\/www.imprentas.org.mx\/imprenta\/wp-content\/uploads\/2019\/03\/logoimprentas-e1557587303134.jpg?fit=135%2C95&ssl=1","contentUrl":"https:\/\/i0.wp.com\/www.imprentas.org.mx\/imprenta\/wp-content\/uploads\/2019\/03\/logoimprentas-e1557587303134.jpg?fit=135%2C95&ssl=1","width":135,"height":95,"caption":"Imprentas Debari"},"image":{"@id":"https:\/\/www.imprentas.org.mx\/imprenta\/#\/schema\/logo\/image\/"},"sameAs":["https:\/\/www.facebook.com\/imprenta.debari","https:\/\/x.com\/DEBARISERV","https:\/\/www.instagram.com\/p\/BxsUq56nHI1\/?igshid=s2fcgcgxwafw","https:\/\/www.linkedin.com\/in\/imprentas-debari-625a7026\/","https:\/\/www.pinterest.com\/imprentasdebari"]}]}},"jetpack_sharing_enabled":true,"_links":{"self":[{"href":"https:\/\/www.imprentas.org.mx\/imprenta\/wp-json\/wp\/v2\/pages\/289","targetHints":{"allow":["GET"]}}],"collection":[{"href":"https:\/\/www.imprentas.org.mx\/imprenta\/wp-json\/wp\/v2\/pages"}],"about":[{"href":"https:\/\/www.imprentas.org.mx\/imprenta\/wp-json\/wp\/v2\/types\/page"}],"author":[{"embeddable":true,"href":"https:\/\/www.imprentas.org.mx\/imprenta\/wp-json\/wp\/v2\/users\/2"}],"replies":[{"embeddable":true,"href":"https:\/\/www.imprentas.org.mx\/imprenta\/wp-json\/wp\/v2\/comments?post=289"}],"version-history":[{"count":39,"href":"https:\/\/www.imprentas.org.mx\/imprenta\/wp-json\/wp\/v2\/pages\/289\/revisions"}],"predecessor-version":[{"id":3216,"href":"https:\/\/www.imprentas.org.mx\/imprenta\/wp-json\/wp\/v2\/pages\/289\/revisions\/3216"}],"wp:attachment":[{"href":"https:\/\/www.imprentas.org.mx\/imprenta\/wp-json\/wp\/v2\/media?parent=289"}],"curies":[{"name":"wp","href":"https:\/\/api.w.org\/{rel}","templated":true}]}}