{"id":45,"date":"2011-04-01T08:32:13","date_gmt":"2011-04-01T08:32:13","guid":{"rendered":"http:\/\/imprentas.org.mx\/imprenta\/?page_id=45"},"modified":"2019-05-31T23:56:37","modified_gmt":"2019-05-31T23:56:37","slug":"impresion-de-revistas","status":"publish","type":"page","link":"https:\/\/www.imprentas.org.mx\/imprenta\/cotizacion\/impresion-de-revistas\/","title":{"rendered":"Imprenta de revistas offset UV"},"content":{"rendered":"<div id=\"fb_share_1\" style=\"float: right; margin-left: 10px;;width: 55px;\" name=\"fb_share\"><div id=\"fb-root\"><\/div><script src=\"http:\/\/connect.facebook.net\/en_US\/all.js#appId=125029517579627&amp;xfbml=1\"><\/script><fb:like href=\"https:\/\/www.imprentas.org.mx\/imprenta\/cotizacion\/impresion-de-revistas\/\" send=\"false\" layout=\"button\" width=\"55\" show_faces=\"false\" font=\"arial\"><\/fb:like><\/div><p><!-- Global site tag (gtag.js) - Google Analytics --><br \/>\n<script async src=\"https:\/\/www.googletagmanager.com\/gtag\/js?id=UA-28908258-2\"><\/script><br \/>\n<script>\n  window.dataLayer = window.dataLayer || [];\n  function gtag(){dataLayer.push(arguments);}\n  gtag('js', new Date());<\/p>\n<p>  gtag('config', 'UA-28908258-2');\n<\/script><\/p>\n<h1 style=\"text-align: center;\"><a href=\"https:\/\/i0.wp.com\/imprentas.org.mx\/imprenta\/wp-content\/uploads\/2011\/04\/logito-imprentas-copy1.jpg\" target=\"_blank\" rel=\"nofollow noopener noreferrer\"><img data-recalc-dims=\"1\" decoding=\"async\" class=\"aligncenter size-full wp-image-2073 lazyload\" title=\"logito imprentas copy\" data-src=\"https:\/\/i0.wp.com\/imprentas.org.mx\/imprenta\/wp-content\/uploads\/2011\/04\/logito-imprentas-copy1.jpg?resize=125%2C89\" alt=\"\" width=\"125\" height=\"89\" src=\"data:image\/svg+xml;base64,PHN2ZyB3aWR0aD0iMSIgaGVpZ2h0PSIxIiB4bWxucz0iaHR0cDovL3d3dy53My5vcmcvMjAwMC9zdmciPjwvc3ZnPg==\" style=\"--smush-placeholder-width: 125px; --smush-placeholder-aspect-ratio: 125\/89;\" \/><\/a><\/h1>\n<h1 style=\"text-align: center;\">\u00a0<strong><span style=\"color: #339966;\">M\u00e9<\/span><span style=\"color: #c0c0c0;\">xi<\/span><span style=\"color: #ff0000;\">co<\/span><\/strong><\/h1>\n<h1 style=\"text-align: center;\"><strong>Equipo de Offset y Barniz UV<\/strong><\/h1>\n<h1 style=\"text-align: center;\"><span style=\"color: #0000ff;\"><strong>Imprenta de Revistas,<\/strong><\/span><\/h1>\n<h3 style=\"text-align: center;\"><span style=\"color: #0000ff;\"><strong> Libros, Folletos, Peri\u00f3dicos y m\u00e1s..<\/strong><\/span><\/h3>\n<p style=\"text-align: center;\"><img data-recalc-dims=\"1\" fetchpriority=\"high\" decoding=\"async\" class=\"aligncenter size-medium wp-image-1342\" style=\"border-image: initial; border: 5px solid blue;\" title=\"offset\" src=\"https:\/\/i0.wp.com\/imprentas.org.mx\/imprenta\/wp-content\/uploads\/2011\/04\/057-300x224.jpg?resize=300%2C224\" alt=\"imprenta de revistas\" width=\"300\" height=\"224\" srcset=\"https:\/\/i0.wp.com\/www.imprentas.org.mx\/imprenta\/wp-content\/uploads\/2011\/04\/057.jpg?resize=300%2C224&amp;ssl=1 300w, https:\/\/i0.wp.com\/www.imprentas.org.mx\/imprenta\/wp-content\/uploads\/2011\/04\/057.jpg?resize=1024%2C768&amp;ssl=1 1024w, https:\/\/i0.wp.com\/www.imprentas.org.mx\/imprenta\/wp-content\/uploads\/2011\/04\/057.jpg?w=2000&amp;ssl=1 2000w\" sizes=\"(max-width: 300px) 100vw, 300px\" \/><\/p>\n\n<div class=\"wpcf7 no-js\" id=\"wpcf7-f2310-o1\" lang=\"es-MX\" dir=\"ltr\" data-wpcf7-id=\"2310\">\n<div class=\"screen-reader-response\"><p role=\"status\" aria-live=\"polite\" aria-atomic=\"true\"><\/p> <ul><\/ul><\/div>\n<form action=\"\/imprenta\/wp-json\/wp\/v2\/pages\/45#wpcf7-f2310-o1\" method=\"post\" class=\"wpcf7-form init\" aria-label=\"Formulario de contacto\" novalidate=\"novalidate\" data-status=\"init\">\n<div style=\"display: none;\">\n<input type=\"hidden\" name=\"_wpcf7\" value=\"2310\" \/>\n<input type=\"hidden\" name=\"_wpcf7_version\" value=\"6.0.6\" \/>\n<input type=\"hidden\" name=\"_wpcf7_locale\" value=\"es_MX\" \/>\n<input type=\"hidden\" name=\"_wpcf7_unit_tag\" value=\"wpcf7-f2310-o1\" \/>\n<input type=\"hidden\" name=\"_wpcf7_container_post\" value=\"0\" \/>\n<input type=\"hidden\" name=\"_wpcf7_posted_data_hash\" value=\"\" \/>\n<input type=\"hidden\" name=\"_wpcf7_recaptcha_response\" value=\"\" \/>\n<\/div>\n<p><label> NOMBRE<br \/>\n<span class=\"wpcf7-form-control-wrap\" data-name=\"your-name\"><input size=\"40\" maxlength=\"400\" class=\"wpcf7-form-control wpcf7-text wpcf7-validates-as-required\" aria-required=\"true\" aria-invalid=\"false\" value=\"\" type=\"text\" name=\"your-name\" \/><\/span> <\/label>\n<\/p>\n<p><label> CORREO<br \/>\n<span class=\"wpcf7-form-control-wrap\" data-name=\"your-email\"><input size=\"40\" maxlength=\"400\" class=\"wpcf7-form-control wpcf7-email wpcf7-validates-as-required wpcf7-text wpcf7-validates-as-email\" aria-required=\"true\" aria-invalid=\"false\" value=\"\" type=\"email\" name=\"your-email\" \/><\/span> <\/label>\n<\/p>\n<p><label> ASUNTO<br \/>\n<span class=\"wpcf7-form-control-wrap\" data-name=\"your-subject\"><input size=\"40\" maxlength=\"400\" class=\"wpcf7-form-control wpcf7-text\" aria-invalid=\"false\" value=\"\" type=\"text\" name=\"your-subject\" \/><\/span> <\/label>\n<\/p>\n<p><label> MENSAJE<br \/>\n<span class=\"wpcf7-form-control-wrap\" data-name=\"your-message\"><textarea cols=\"40\" rows=\"10\" maxlength=\"2000\" class=\"wpcf7-form-control wpcf7-textarea\" aria-invalid=\"false\" name=\"your-message\"><\/textarea><\/span> <\/label>\n<\/p>\n<p><input class=\"wpcf7-form-control wpcf7-submit has-spinner\" type=\"submit\" value=\"ENVIAR\" \/>\n<\/p><label class=\"apbct_special_field\" id=\"apbct_label_id50790\" for=\"apbct__email_id__wp_contact_form_7_50790\">50790<\/label><input \n        id=\"apbct__email_id__wp_contact_form_7_50790\" \n        class=\"apbct_special_field apbct__email_id__wp_contact_form_7\"\n        autocomplete=\"off\" \n        name=\"apbct__email_id__wp_contact_form_7_50790\"  \n        type=\"text\" \n        value=\"50790\" \n        size=\"30\" \n        apbct_event_id=\"50790\"\n        maxlength=\"200\" \n    \/><input \n        id=\"apbct_event_id_wp_contact_form_7_50790\"\n        class=\"apbct_special_field\"\n        name=\"apbct_event_id\"\n        type=\"hidden\" \n        value=\"50790\" \n            \/><div class=\"wpcf7-response-output\" aria-hidden=\"true\"><\/div>\n<\/form>\n<\/div>\n\n<h1 style=\"text-align: center;\"><strong><span style=\"color: #ffffff;\">&#8211;<\/span> <span style=\"color: #333333;\">C <\/span><span style=\"color: #00ffff;\">o <\/span><span style=\"color: #ff00ff;\">l <\/span><span style=\"color: #ffff00;\">o <\/span><span style=\"color: #999999;\">r <\/span><\/strong><\/h1>\n<h2 style=\"text-align: center;\"><span style=\"color: #333399;\">&#8211; Tirajes de 100 en adelante.<\/span><\/h2>\n<h2 style=\"text-align: center;\"><span style=\"color: #333399;\">&#8211; Formatos de impresi\u00f3n hasta 4 cartas rebasadas.<\/span><\/h2>\n<h2 style=\"text-align: center;\"><span style=\"color: #000080;\"><strong><span style=\"color: #333399;\">&#8211;<\/span><\/strong><\/span><span style=\"color: #000080;\"><strong><span style=\"color: #333399;\"> La mayor\u00eda de tipos de papel.<\/span><\/strong><\/span><\/h2>\n<h2 style=\"text-align: center;\"><span style=\"color: #333399;\">&#8211; Directo a placa sin negativos.<\/span><\/h2>\n<p>&nbsp;<\/p>\n<p><span style=\"text-align: left; border-image: initial; border-color: black;\"><img data-recalc-dims=\"1\" decoding=\"async\" class=\"size-medium wp-image-1341 lazyload\" style=\"--smush-placeholder-width: 300px; --smush-placeholder-aspect-ratio: 300\/224;border-image: initial; border: 5px solid black;\" title=\"HEID\" data-src=\"https:\/\/i0.wp.com\/imprentas.org.mx\/imprenta\/wp-content\/uploads\/2011\/04\/HEID-300x224.jpg?resize=300%2C224\" alt=\"\" width=\"300\" height=\"224\" data-srcset=\"https:\/\/i0.wp.com\/www.imprentas.org.mx\/imprenta\/wp-content\/uploads\/2011\/04\/HEID.jpg?resize=300%2C224&amp;ssl=1 300w, https:\/\/i0.wp.com\/www.imprentas.org.mx\/imprenta\/wp-content\/uploads\/2011\/04\/HEID.jpg?resize=1024%2C768&amp;ssl=1 1024w, https:\/\/i0.wp.com\/www.imprentas.org.mx\/imprenta\/wp-content\/uploads\/2011\/04\/HEID.jpg?w=2000&amp;ssl=1 2000w\" data-sizes=\"(max-width: 300px) 100vw, 300px\" src=\"data:image\/svg+xml;base64,PHN2ZyB3aWR0aD0iMSIgaGVpZ2h0PSIxIiB4bWxucz0iaHR0cDovL3d3dy53My5vcmcvMjAwMC9zdmciPjwvc3ZnPg==\" \/><\/span><\/p>\n<h2 style=\"text-align: left;\"><span style=\"color: #e1e1e1;\">Imprenta de revistas<\/span><\/h2>\n<h3 style=\"text-align: left;\"><strong><span style=\"color: #0000ff;\"><span style=\"color: #000000;\"><span style=\"color: #00ccff;\">1<\/span> y<\/span><span style=\"color: #ff00ff;\"> 2<\/span> <span style=\"color: #000000;\">tintas<\/span><\/span><\/strong><\/h3>\n<h3 style=\"text-align: right;\"><strong style=\"color: #808080;\">Barniz UV \u00a0 \u00a0 \u00a0 \u00a0 \u00a0<\/strong><\/h3>\n<p><strong><img data-recalc-dims=\"1\" decoding=\"async\" class=\"size-full wp-image-1438 alignright lazyload\" style=\"--smush-placeholder-width: 295px; --smush-placeholder-aspect-ratio: 295\/221;border-image: initial; border: 4px solid grey;\" title=\"barniz UV\" data-src=\"https:\/\/i0.wp.com\/imprentas.org.mx\/imprenta\/wp-content\/uploads\/2011\/04\/091.jpg?resize=295%2C221\" alt=\"\" width=\"295\" height=\"221\" data-srcset=\"https:\/\/i0.wp.com\/www.imprentas.org.mx\/imprenta\/wp-content\/uploads\/2011\/04\/091.jpg?w=2272&amp;ssl=1 2272w, https:\/\/i0.wp.com\/www.imprentas.org.mx\/imprenta\/wp-content\/uploads\/2011\/04\/091.jpg?resize=300%2C224&amp;ssl=1 300w, https:\/\/i0.wp.com\/www.imprentas.org.mx\/imprenta\/wp-content\/uploads\/2011\/04\/091.jpg?resize=1024%2C768&amp;ssl=1 1024w, https:\/\/i0.wp.com\/www.imprentas.org.mx\/imprenta\/wp-content\/uploads\/2011\/04\/091.jpg?w=2000&amp;ssl=1 2000w\" data-sizes=\"(max-width: 295px) 100vw, 295px\" src=\"data:image\/svg+xml;base64,PHN2ZyB3aWR0aD0iMSIgaGVpZ2h0PSIxIiB4bWxucz0iaHR0cDovL3d3dy53My5vcmcvMjAwMC9zdmciPjwvc3ZnPg==\" \/><\/strong><\/p>\n<p>&nbsp;<\/p>\n<h3 style=\"text-align: center;\"><\/h3>\n<h3 style=\"text-align: center;\"><\/h3>\n<h3 style=\"text-align: center;\"><\/h3>\n<h3 style=\"text-align: center;\"><span style=\"color: #0000ff;\"><em><br \/>\n<\/em><\/span><\/h3>\n<h3><\/h3>\n<h3><\/h3>\n<h3><span style=\"color: #0000ff;\"><br \/>\n<\/span><\/h3>\n<h3><\/h3>\n<h3><\/h3>\n<h3><\/h3>\n<h3><\/h3>\n<h3><span style=\"color: #0000ff;\"><em>Imprenta de revistas<\/em>, libros, folletos, peri\u00f3dicos y m\u00e1s&#8230;<\/span><\/h3>\n<h1 style=\"text-align: left;\"><span style=\"color: #000080;\"><em><a href=\"http:\/\/www.activesearchresults.com\/\" target=\"_blank\" rel=\"nofollow noopener noreferrer\"><img data-recalc-dims=\"1\" decoding=\"async\" data-src=\"https:\/\/i0.wp.com\/www.activesearchresults.com\/images\/asrbutton.png?resize=88%2C31\" alt=\"Active Search Results\" width=\"88\" height=\"31\" border=\"0\" src=\"data:image\/svg+xml;base64,PHN2ZyB3aWR0aD0iMSIgaGVpZ2h0PSIxIiB4bWxucz0iaHR0cDovL3d3dy53My5vcmcvMjAwMC9zdmciPjwvc3ZnPg==\" class=\"lazyload\" style=\"--smush-placeholder-width: 88px; --smush-placeholder-aspect-ratio: 88\/31;\" \/><\/a><br \/>\n<\/em><\/span><\/h1>\n","protected":false},"excerpt":{"rendered":"<p>\u00a0M\u00e9xico Equipo de Offset y Barniz UV Imprenta de Revistas, Libros, Folletos, Peri\u00f3dicos y m\u00e1s.. &#8211; C o l o r &#8211; Tirajes de 100 en adelante. &#8211; Formatos de impresi\u00f3n hasta 4 cartas rebasadas. &#8211; La mayor\u00eda de tipos de papel. &#8211; Directo a placa sin negativos. &nbsp; Imprenta de revistas 1 y 2&#8230;<\/p>\n","protected":false},"author":2,"featured_media":0,"parent":529,"menu_order":15,"comment_status":"open","ping_status":"closed","template":"","meta":{"om_disable_all_campaigns":false,"_monsterinsights_skip_tracking":false,"_monsterinsights_sitenote_active":false,"_monsterinsights_sitenote_note":"","_monsterinsights_sitenote_category":0,"_uf_show_specific_survey":0,"_uf_disable_surveys":false,"_joinchat":[],"footnotes":""},"class_list":["post-45","page","type-page","status-publish","hentry"],"yoast_head":"<!-- This site is optimized with the Yoast SEO plugin v27.2 - https:\/\/yoast.com\/product\/yoast-seo-wordpress\/ -->\n<title>Imprenta de revistas offset UV - Imprentas: Revistas, Libros ...<\/title>\n<meta name=\"robots\" content=\"index, follow, max-snippet:-1, max-image-preview:large, max-video-preview:-1\" \/>\n<link rel=\"canonical\" href=\"https:\/\/www.imprentas.org.mx\/imprenta\/cotizacion\/impresion-de-revistas\/\" \/>\n<meta property=\"og:locale\" content=\"es_MX\" \/>\n<meta property=\"og:type\" content=\"article\" \/>\n<meta property=\"og:title\" content=\"Imprenta de revistas offset UV - Imprentas: Revistas, Libros ...\" \/>\n<meta property=\"og:description\" content=\"\u00a0M\u00e9xico Equipo de Offset y Barniz UV Imprenta de Revistas, Libros, Folletos, Peri\u00f3dicos y m\u00e1s.. &#8211; C o l o r &#8211; Tirajes de 100 en adelante. &#8211; Formatos de impresi\u00f3n hasta 4 cartas rebasadas. &#8211; La mayor\u00eda de tipos de papel. &#8211; Directo a placa sin negativos. &nbsp; Imprenta de revistas 1 y 2...\" \/>\n<meta property=\"og:url\" content=\"https:\/\/www.imprentas.org.mx\/imprenta\/cotizacion\/impresion-de-revistas\/\" \/>\n<meta property=\"og:site_name\" content=\"Imprentas: Revistas, Libros ...\" \/>\n<meta property=\"article:publisher\" content=\"https:\/\/www.facebook.com\/imprenta.debari\" \/>\n<meta property=\"article:modified_time\" content=\"2019-05-31T23:56:37+00:00\" \/>\n<meta property=\"og:image\" content=\"http:\/\/imprentas.org.mx\/imprenta\/wp-content\/uploads\/2011\/04\/logito-imprentas-copy1.jpg\" \/>\n<meta name=\"twitter:card\" content=\"summary_large_image\" \/>\n<meta name=\"twitter:site\" content=\"@DEBARISERV\" \/>\n<script type=\"application\/ld+json\" class=\"yoast-schema-graph\">{\"@context\":\"https:\/\/schema.org\",\"@graph\":[{\"@type\":\"WebPage\",\"@id\":\"https:\/\/www.imprentas.org.mx\/imprenta\/cotizacion\/impresion-de-revistas\/\",\"url\":\"https:\/\/www.imprentas.org.mx\/imprenta\/cotizacion\/impresion-de-revistas\/\",\"name\":\"Imprenta de revistas offset UV - Imprentas: Revistas, Libros ...\",\"isPartOf\":{\"@id\":\"https:\/\/www.imprentas.org.mx\/imprenta\/#website\"},\"primaryImageOfPage\":{\"@id\":\"https:\/\/www.imprentas.org.mx\/imprenta\/cotizacion\/impresion-de-revistas\/#primaryimage\"},\"image\":{\"@id\":\"https:\/\/www.imprentas.org.mx\/imprenta\/cotizacion\/impresion-de-revistas\/#primaryimage\"},\"thumbnailUrl\":\"http:\/\/imprentas.org.mx\/imprenta\/wp-content\/uploads\/2011\/04\/logito-imprentas-copy1.jpg\",\"datePublished\":\"2011-04-01T08:32:13+00:00\",\"dateModified\":\"2019-05-31T23:56:37+00:00\",\"breadcrumb\":{\"@id\":\"https:\/\/www.imprentas.org.mx\/imprenta\/cotizacion\/impresion-de-revistas\/#breadcrumb\"},\"inLanguage\":\"es\",\"potentialAction\":[{\"@type\":\"ReadAction\",\"target\":[\"https:\/\/www.imprentas.org.mx\/imprenta\/cotizacion\/impresion-de-revistas\/\"]}]},{\"@type\":\"ImageObject\",\"inLanguage\":\"es\",\"@id\":\"https:\/\/www.imprentas.org.mx\/imprenta\/cotizacion\/impresion-de-revistas\/#primaryimage\",\"url\":\"http:\/\/imprentas.org.mx\/imprenta\/wp-content\/uploads\/2011\/04\/logito-imprentas-copy1.jpg\",\"contentUrl\":\"http:\/\/imprentas.org.mx\/imprenta\/wp-content\/uploads\/2011\/04\/logito-imprentas-copy1.jpg\"},{\"@type\":\"BreadcrumbList\",\"@id\":\"https:\/\/www.imprentas.org.mx\/imprenta\/cotizacion\/impresion-de-revistas\/#breadcrumb\",\"itemListElement\":[{\"@type\":\"ListItem\",\"position\":1,\"name\":\"Inicio\",\"item\":\"https:\/\/www.imprentas.org.mx\/imprenta\/\"},{\"@type\":\"ListItem\",\"position\":2,\"name\":\"Precios de imprenta\",\"item\":\"https:\/\/www.imprentas.org.mx\/imprenta\/cotizacion\/\"},{\"@type\":\"ListItem\",\"position\":3,\"name\":\"Imprenta de revistas offset UV\"}]},{\"@type\":\"WebSite\",\"@id\":\"https:\/\/www.imprentas.org.mx\/imprenta\/#website\",\"url\":\"https:\/\/www.imprentas.org.mx\/imprenta\/\",\"name\":\"Imprentas: Revistas, Libros ...\",\"description\":\"Servicio en Impresi\u00f3n, Hoja, Rotativa, Digital, Encuadernaci\u00f3n.\",\"publisher\":{\"@id\":\"https:\/\/www.imprentas.org.mx\/imprenta\/#organization\"},\"potentialAction\":[{\"@type\":\"SearchAction\",\"target\":{\"@type\":\"EntryPoint\",\"urlTemplate\":\"https:\/\/www.imprentas.org.mx\/imprenta\/?s={search_term_string}\"},\"query-input\":{\"@type\":\"PropertyValueSpecification\",\"valueRequired\":true,\"valueName\":\"search_term_string\"}}],\"inLanguage\":\"es\"},{\"@type\":\"Organization\",\"@id\":\"https:\/\/www.imprentas.org.mx\/imprenta\/#organization\",\"name\":\"Imprentas Debari\",\"url\":\"https:\/\/www.imprentas.org.mx\/imprenta\/\",\"logo\":{\"@type\":\"ImageObject\",\"inLanguage\":\"es\",\"@id\":\"https:\/\/www.imprentas.org.mx\/imprenta\/#\/schema\/logo\/image\/\",\"url\":\"https:\/\/i0.wp.com\/www.imprentas.org.mx\/imprenta\/wp-content\/uploads\/2019\/03\/logoimprentas-e1557587303134.jpg?fit=135%2C95&ssl=1\",\"contentUrl\":\"https:\/\/i0.wp.com\/www.imprentas.org.mx\/imprenta\/wp-content\/uploads\/2019\/03\/logoimprentas-e1557587303134.jpg?fit=135%2C95&ssl=1\",\"width\":135,\"height\":95,\"caption\":\"Imprentas Debari\"},\"image\":{\"@id\":\"https:\/\/www.imprentas.org.mx\/imprenta\/#\/schema\/logo\/image\/\"},\"sameAs\":[\"https:\/\/www.facebook.com\/imprenta.debari\",\"https:\/\/x.com\/DEBARISERV\",\"https:\/\/www.instagram.com\/p\/BxsUq56nHI1\/?igshid=s2fcgcgxwafw\",\"https:\/\/www.linkedin.com\/in\/imprentas-debari-625a7026\/\",\"https:\/\/www.pinterest.com\/imprentasdebari\"]}]}<\/script>\n<!-- \/ Yoast SEO plugin. -->","yoast_head_json":{"title":"Imprenta de revistas offset UV - Imprentas: Revistas, Libros ...","robots":{"index":"index","follow":"follow","max-snippet":"max-snippet:-1","max-image-preview":"max-image-preview:large","max-video-preview":"max-video-preview:-1"},"canonical":"https:\/\/www.imprentas.org.mx\/imprenta\/cotizacion\/impresion-de-revistas\/","og_locale":"es_MX","og_type":"article","og_title":"Imprenta de revistas offset UV - Imprentas: Revistas, Libros ...","og_description":"\u00a0M\u00e9xico Equipo de Offset y Barniz UV Imprenta de Revistas, Libros, Folletos, Peri\u00f3dicos y m\u00e1s.. &#8211; C o l o r &#8211; Tirajes de 100 en adelante. &#8211; Formatos de impresi\u00f3n hasta 4 cartas rebasadas. &#8211; La mayor\u00eda de tipos de papel. &#8211; Directo a placa sin negativos. &nbsp; Imprenta de revistas 1 y 2...","og_url":"https:\/\/www.imprentas.org.mx\/imprenta\/cotizacion\/impresion-de-revistas\/","og_site_name":"Imprentas: Revistas, Libros ...","article_publisher":"https:\/\/www.facebook.com\/imprenta.debari","article_modified_time":"2019-05-31T23:56:37+00:00","og_image":[{"url":"http:\/\/imprentas.org.mx\/imprenta\/wp-content\/uploads\/2011\/04\/logito-imprentas-copy1.jpg","type":"","width":"","height":""}],"twitter_card":"summary_large_image","twitter_site":"@DEBARISERV","schema":{"@context":"https:\/\/schema.org","@graph":[{"@type":"WebPage","@id":"https:\/\/www.imprentas.org.mx\/imprenta\/cotizacion\/impresion-de-revistas\/","url":"https:\/\/www.imprentas.org.mx\/imprenta\/cotizacion\/impresion-de-revistas\/","name":"Imprenta de revistas offset UV - Imprentas: Revistas, Libros ...","isPartOf":{"@id":"https:\/\/www.imprentas.org.mx\/imprenta\/#website"},"primaryImageOfPage":{"@id":"https:\/\/www.imprentas.org.mx\/imprenta\/cotizacion\/impresion-de-revistas\/#primaryimage"},"image":{"@id":"https:\/\/www.imprentas.org.mx\/imprenta\/cotizacion\/impresion-de-revistas\/#primaryimage"},"thumbnailUrl":"http:\/\/imprentas.org.mx\/imprenta\/wp-content\/uploads\/2011\/04\/logito-imprentas-copy1.jpg","datePublished":"2011-04-01T08:32:13+00:00","dateModified":"2019-05-31T23:56:37+00:00","breadcrumb":{"@id":"https:\/\/www.imprentas.org.mx\/imprenta\/cotizacion\/impresion-de-revistas\/#breadcrumb"},"inLanguage":"es","potentialAction":[{"@type":"ReadAction","target":["https:\/\/www.imprentas.org.mx\/imprenta\/cotizacion\/impresion-de-revistas\/"]}]},{"@type":"ImageObject","inLanguage":"es","@id":"https:\/\/www.imprentas.org.mx\/imprenta\/cotizacion\/impresion-de-revistas\/#primaryimage","url":"http:\/\/imprentas.org.mx\/imprenta\/wp-content\/uploads\/2011\/04\/logito-imprentas-copy1.jpg","contentUrl":"http:\/\/imprentas.org.mx\/imprenta\/wp-content\/uploads\/2011\/04\/logito-imprentas-copy1.jpg"},{"@type":"BreadcrumbList","@id":"https:\/\/www.imprentas.org.mx\/imprenta\/cotizacion\/impresion-de-revistas\/#breadcrumb","itemListElement":[{"@type":"ListItem","position":1,"name":"Inicio","item":"https:\/\/www.imprentas.org.mx\/imprenta\/"},{"@type":"ListItem","position":2,"name":"Precios de imprenta","item":"https:\/\/www.imprentas.org.mx\/imprenta\/cotizacion\/"},{"@type":"ListItem","position":3,"name":"Imprenta de revistas offset UV"}]},{"@type":"WebSite","@id":"https:\/\/www.imprentas.org.mx\/imprenta\/#website","url":"https:\/\/www.imprentas.org.mx\/imprenta\/","name":"Imprentas: Revistas, Libros ...","description":"Servicio en Impresi\u00f3n, Hoja, Rotativa, Digital, Encuadernaci\u00f3n.","publisher":{"@id":"https:\/\/www.imprentas.org.mx\/imprenta\/#organization"},"potentialAction":[{"@type":"SearchAction","target":{"@type":"EntryPoint","urlTemplate":"https:\/\/www.imprentas.org.mx\/imprenta\/?s={search_term_string}"},"query-input":{"@type":"PropertyValueSpecification","valueRequired":true,"valueName":"search_term_string"}}],"inLanguage":"es"},{"@type":"Organization","@id":"https:\/\/www.imprentas.org.mx\/imprenta\/#organization","name":"Imprentas Debari","url":"https:\/\/www.imprentas.org.mx\/imprenta\/","logo":{"@type":"ImageObject","inLanguage":"es","@id":"https:\/\/www.imprentas.org.mx\/imprenta\/#\/schema\/logo\/image\/","url":"https:\/\/i0.wp.com\/www.imprentas.org.mx\/imprenta\/wp-content\/uploads\/2019\/03\/logoimprentas-e1557587303134.jpg?fit=135%2C95&ssl=1","contentUrl":"https:\/\/i0.wp.com\/www.imprentas.org.mx\/imprenta\/wp-content\/uploads\/2019\/03\/logoimprentas-e1557587303134.jpg?fit=135%2C95&ssl=1","width":135,"height":95,"caption":"Imprentas Debari"},"image":{"@id":"https:\/\/www.imprentas.org.mx\/imprenta\/#\/schema\/logo\/image\/"},"sameAs":["https:\/\/www.facebook.com\/imprenta.debari","https:\/\/x.com\/DEBARISERV","https:\/\/www.instagram.com\/p\/BxsUq56nHI1\/?igshid=s2fcgcgxwafw","https:\/\/www.linkedin.com\/in\/imprentas-debari-625a7026\/","https:\/\/www.pinterest.com\/imprentasdebari"]}]}},"jetpack_sharing_enabled":true,"_links":{"self":[{"href":"https:\/\/www.imprentas.org.mx\/imprenta\/wp-json\/wp\/v2\/pages\/45","targetHints":{"allow":["GET"]}}],"collection":[{"href":"https:\/\/www.imprentas.org.mx\/imprenta\/wp-json\/wp\/v2\/pages"}],"about":[{"href":"https:\/\/www.imprentas.org.mx\/imprenta\/wp-json\/wp\/v2\/types\/page"}],"author":[{"embeddable":true,"href":"https:\/\/www.imprentas.org.mx\/imprenta\/wp-json\/wp\/v2\/users\/2"}],"replies":[{"embeddable":true,"href":"https:\/\/www.imprentas.org.mx\/imprenta\/wp-json\/wp\/v2\/comments?post=45"}],"version-history":[{"count":35,"href":"https:\/\/www.imprentas.org.mx\/imprenta\/wp-json\/wp\/v2\/pages\/45\/revisions"}],"predecessor-version":[{"id":3394,"href":"https:\/\/www.imprentas.org.mx\/imprenta\/wp-json\/wp\/v2\/pages\/45\/revisions\/3394"}],"up":[{"embeddable":true,"href":"https:\/\/www.imprentas.org.mx\/imprenta\/wp-json\/wp\/v2\/pages\/529"}],"wp:attachment":[{"href":"https:\/\/www.imprentas.org.mx\/imprenta\/wp-json\/wp\/v2\/media?parent=45"}],"curies":[{"name":"wp","href":"https:\/\/api.w.org\/{rel}","templated":true}]}}