{"id":550,"date":"2011-05-03T21:43:43","date_gmt":"2011-05-03T21:43:43","guid":{"rendered":"http:\/\/imprentas.org.mx\/imprenta\/?page_id=550"},"modified":"2017-12-19T21:18:52","modified_gmt":"2017-12-19T21:18:52","slug":"tamanos-de-impresos","status":"publish","type":"page","link":"https:\/\/www.imprentas.org.mx\/imprenta\/tamanos-de-impresos\/","title":{"rendered":"Tama\u00f1os de impresos"},"content":{"rendered":"<div id=\"fb_share_1\" style=\"float: right; margin-left: 10px;;width: 55px;\" name=\"fb_share\"><div id=\"fb-root\"><\/div><script src=\"http:\/\/connect.facebook.net\/en_US\/all.js#appId=125029517579627&amp;xfbml=1\"><\/script><fb:like href=\"https:\/\/www.imprentas.org.mx\/imprenta\/tamanos-de-impresos\/\" send=\"false\" layout=\"button\" width=\"55\" show_faces=\"false\" font=\"arial\"><\/fb:like><\/div><p><script type=\"text\/javascript\">\/\/ <![CDATA[ var _gaq = _gaq || []; _gaq.push(['_setAccount', 'UA-18470741-1']); _gaq.push(['_setDomainName', '.debari.com.mx']); _gaq.push(['_trackPageview']); (function() { var ga = document.createElement('script'); ga.type = 'text\/javascript'; ga.async = true; ga.src = ('https:' == document.location.protocol ? 'https:\/\/ssl' : 'http:\/\/www') + '.google-analytics.com\/ga.js'; var s = document.getElementsByTagName('script')[0]; s.parentNode.insertBefore(ga, s); })(); \/\/ ]]><\/script><\/p>\n<h1 style=\"text-align: center;\"><a href=\"https:\/\/i0.wp.com\/www.imprentas.org.mx\/imprenta\/wp-content\/uploads\/2011\/04\/logito-imprentas-copy.jpg\"><img data-recalc-dims=\"1\" decoding=\"async\" class=\"alignnone size-full wp-image-2071 lazyload\" data-src=\"https:\/\/i0.wp.com\/www.imprentas.org.mx\/imprenta\/wp-content\/uploads\/2011\/04\/logito-imprentas-copy.jpg?resize=150%2C105\" alt=\"\" width=\"150\" height=\"105\" src=\"data:image\/svg+xml;base64,PHN2ZyB3aWR0aD0iMSIgaGVpZ2h0PSIxIiB4bWxucz0iaHR0cDovL3d3dy53My5vcmcvMjAwMC9zdmciPjwvc3ZnPg==\" style=\"--smush-placeholder-width: 150px; --smush-placeholder-aspect-ratio: 150\/105;\" \/><\/a><\/h1>\n<h1 style=\"text-align: center;\"><img data-recalc-dims=\"1\" fetchpriority=\"high\" decoding=\"async\" class=\"aligncenter size-medium wp-image-1416\" style=\"border-image: initial; border: 4px solid blue;\" title=\"tama\u00f1os de impresos\" src=\"https:\/\/i0.wp.com\/imprentas.org.mx\/imprenta\/wp-content\/uploads\/2011\/05\/tama%C3%B1os-de-impresos-300x187.png?resize=300%2C187\" alt=\"Tama\u00f1os de impresos\" width=\"300\" height=\"187\" srcset=\"https:\/\/i0.wp.com\/www.imprentas.org.mx\/imprenta\/wp-content\/uploads\/2011\/05\/tama%C3%B1os-de-impresos.png?resize=300%2C187&amp;ssl=1 300w, https:\/\/i0.wp.com\/www.imprentas.org.mx\/imprenta\/wp-content\/uploads\/2011\/05\/tama%C3%B1os-de-impresos.png?w=800&amp;ssl=1 800w\" sizes=\"(max-width: 300px) 100vw, 300px\" \/><\/h1>\n<p>&nbsp;<\/p>\n<h1 style=\"text-align: left;\"><span style=\"color: #333399;\"><span style=\"text-decoration: underline;\">Tama\u00f1os de impresos<\/span>: <\/span><\/h1>\n<h1 style=\"text-align: left;\"><span style=\"color: #333399;\">Revistas, Folletos, Cat\u00e1logos.<\/span><\/h1>\n<ol>\n<li style=\"text-align: left;\">\n<h2><strong><span style=\"color: #0000ff;\">13&#215;21 cms<\/span><\/strong><\/h2>\n<\/li>\n<li style=\"text-align: left;\">\n<h2><span style=\"color: #0000ff;\">14&#215;21.5<\/span><\/h2>\n<\/li>\n<li style=\"text-align: left;\">\n<h2><span style=\"color: #0000ff;\">15.7&#215;22.5 1\u00f32 tintas \u00a016.5&#215;22.5 color<\/span><\/h2>\n<\/li>\n<li style=\"text-align: left;\">\n<h2><span style=\"color: #0000ff;\">21&#215;27<\/span><\/h2>\n<\/li>\n<li style=\"text-align: left;\">\n<h2><span style=\"color: #0000ff;\">21.5&#215;28<\/span><\/h2>\n<\/li>\n<li style=\"text-align: left;\">\n<h2><span style=\"color: #0000ff;\">22.5&#215;32 1\u00f32 tintas, 22.5&#215;32.5 color <\/span><\/h2>\n<div><span style=\"color: #0000ff;\"><br \/>\n<\/span><\/div>\n<div><span style=\"color: #0000ff;\"><br \/>\n<\/span><\/div>\n<p><span style=\"text-decoration: underline;\"><span style=\"color: #000080; text-decoration: underline;\">Tama\u00f1os de impresos:\u00a0<\/span><\/span><\/p>\n<h2><span style=\"color: #000080;\">Libros<\/span><\/h2>\n<\/li>\n<\/ol>\n<ol>\n<li><strong><span style=\"color: #0000ff;\">10&#215;13 cms<\/span><\/strong><\/li>\n<li>\n<h2><span style=\"color: #0000ff;\">13&#215;21 <\/span><\/h2>\n<\/li>\n<li>\n<h2><span style=\"color: #0000ff;\">14&#215;21.5<\/span><\/h2>\n<\/li>\n<li>\n<h2><span style=\"color: #0000ff;\">15.7&#215;22.5 1\u00f32 tintas 16&#215;22.5 color<\/span><\/h2>\n<\/li>\n<li>\n<h2><span style=\"color: #0000ff;\">21&#215;27<\/span><\/h2>\n<\/li>\n<li>\n<h2><span style=\"color: #0000ff;\">21.5&#215;28<\/span><\/h2>\n<\/li>\n<li>\n<h2><span style=\"color: #0000ff;\">22.5&#215;32 1\u00f32 tintas 22.5&#215;33 color<\/span><\/h2>\n<div><span style=\"text-decoration: underline; color: #000080;\"><br \/>\n<\/span><\/div>\n<h3><span style=\"text-decoration: underline; color: #000080;\">Tama\u00f1os de impresos:\u00a0<\/span><\/h3>\n<h3><span style=\"color: #000080;\">Peri\u00f3dicos<\/span><\/h3>\n<\/li>\n<\/ol>\n<ol>\n<li><strong><span style=\"color: #0000ff;\">23.7&#215;32.5 cms 1 \u00f3 2 tintas en diario o bond.<\/span><\/strong><\/li>\n<li><strong><span style=\"color: #3366ff;\">23.7&#215;31.5 color diario o bond.<\/span><\/strong><\/li>\n<li>\n<h2><span style=\"color: #0000ff;\">23.7&#215;35 color solo en bond.<\/span><\/h2>\n<\/li>\n<li>\n<h2><span style=\"color: #0000ff;\">28.5&#215;43.5 1 2 o 4 tintas en diario o bond.<\/span><\/h2>\n<div><span style=\"color: #0000ff;\"><br \/>\n<\/span><\/div>\n<\/li>\n<li><strong>28&#215;33 \u00a0 \u00f3 \u00a0 29&#215;43.5 \u00a01, 2 \u00a0\u00f3 \u00a0color en rotativa de 10,000 ejemplares en adelante diario, bond, lwc.<\/strong><\/li>\n<\/ol>\n<div>\n<h3><\/h3>\n<h5>Para peri\u00f3dicos en tiros menores a 10,000 recomendamos papel bond especialmente en color por costo y calidad.<\/h5>\n<p>&nbsp;<\/p>\n<h4><span style=\"color: #000080;\">\u00a0 \u00a0 \u00a0 \u00a0<\/span><span style=\"text-decoration: underline;\"><span style=\"color: #000080; text-decoration: underline;\"> Tama\u00f1os de impresos:\u00a0<\/span><\/span><\/h4>\n<\/div>\n<h4><\/h4>\n<h4><span style=\"color: #000080;\"><strong>\u00a0 \u00a0 \u00a0 \u00a0 Volantes \u00f3 Tr\u00edpticos extendidos<\/strong><\/span><\/h4>\n<ul>\n<li>\n<h2><span style=\"color: #0000ff;\">10&#215;13 cms<\/span><\/h2>\n<\/li>\n<li>\n<h2><span style=\"color: #0000ff;\">13&#215;21 \u00f3 10.5&#215;27<\/span><\/h2>\n<\/li>\n<li>\n<h2><span style=\"color: #0000ff;\">14&#215;21 \u00f3 10.5&#215;28<\/span><\/h2>\n<\/li>\n<li>\n<h2><span style=\"color: #0000ff;\">16&#215;22.5 \u00f3 11&#215;32<\/span><\/h2>\n<\/li>\n<li>\n<h2><span style=\"color: #0000ff;\">21&#215;27<\/span><\/h2>\n<\/li>\n<li>\n<h2><span style=\"color: #0000ff;\">21.5&#215;28<\/span><\/h2>\n<div><span style=\"color: #0000ff;\"><br \/>\n<\/span><\/div>\n<div>\n<h2>\u00a022.5&#215;32.5<\/h2>\n<\/div>\n<p><span style=\"color: #e6f2ff;\"><em><span style=\"text-decoration: underline;\">Tama\u00f1os de impresos<\/span><\/em><\/span><\/li>\n<\/ul>\n<h3 style=\"text-align: center;\"><a title=\"tama\u00f1os iso\" href=\"http:\/\/alekar.net\/tamanosdepapel.pdf\" target=\"_blank\" rel=\"nofollow noopener\">Tama\u00f1os de impresos: Norma ISO<\/a><\/h3>\n<p>&nbsp;<\/p>\n<p style=\"text-align: center;\"><span style=\"font-size: small;\"><span style=\"line-height: 23px;\"><strong><span style=\"text-decoration: underline;\"><a title=\"Tam\u00f1os serie A\" href=\"http:\/\/imprentas.org.mx\/imprenta\/wp-content\/uploads\/2011\/05\/Tama%C3%B1os-Serie-A4.pdf\" target=\"_blank\" rel=\"noopener\" rel=\"nofollow\">Tama\u00f1os Serie A<\/a><br \/>\n<\/span><\/strong><\/span><\/span><\/p>\n<h5>\u00a0\n<div class=\"wpcf7 no-js\" id=\"wpcf7-f2310-o1\" lang=\"es-MX\" dir=\"ltr\" data-wpcf7-id=\"2310\">\n<div class=\"screen-reader-response\"><p role=\"status\" aria-live=\"polite\" aria-atomic=\"true\"><\/p> <ul><\/ul><\/div>\n<form action=\"\/imprenta\/wp-json\/wp\/v2\/pages\/550#wpcf7-f2310-o1\" method=\"post\" class=\"wpcf7-form init\" aria-label=\"Formulario de contacto\" novalidate=\"novalidate\" data-status=\"init\">\n<div style=\"display: none;\">\n<input type=\"hidden\" name=\"_wpcf7\" value=\"2310\" \/>\n<input type=\"hidden\" name=\"_wpcf7_version\" value=\"6.0.6\" \/>\n<input type=\"hidden\" name=\"_wpcf7_locale\" value=\"es_MX\" \/>\n<input type=\"hidden\" name=\"_wpcf7_unit_tag\" value=\"wpcf7-f2310-o1\" \/>\n<input type=\"hidden\" name=\"_wpcf7_container_post\" value=\"0\" \/>\n<input type=\"hidden\" name=\"_wpcf7_posted_data_hash\" value=\"\" \/>\n<input type=\"hidden\" name=\"_wpcf7_recaptcha_response\" value=\"\" \/>\n<\/div>\n<p><label> NOMBRE<br \/>\n<span class=\"wpcf7-form-control-wrap\" data-name=\"your-name\"><input size=\"40\" maxlength=\"400\" class=\"wpcf7-form-control wpcf7-text wpcf7-validates-as-required\" aria-required=\"true\" aria-invalid=\"false\" value=\"\" type=\"text\" name=\"your-name\" \/><\/span> <\/label>\n<\/p>\n<p><label> CORREO<br \/>\n<span class=\"wpcf7-form-control-wrap\" data-name=\"your-email\"><input size=\"40\" maxlength=\"400\" class=\"wpcf7-form-control wpcf7-email wpcf7-validates-as-required wpcf7-text wpcf7-validates-as-email\" aria-required=\"true\" aria-invalid=\"false\" value=\"\" type=\"email\" name=\"your-email\" \/><\/span> <\/label>\n<\/p>\n<p><label> ASUNTO<br \/>\n<span class=\"wpcf7-form-control-wrap\" data-name=\"your-subject\"><input size=\"40\" maxlength=\"400\" class=\"wpcf7-form-control wpcf7-text\" aria-invalid=\"false\" value=\"\" type=\"text\" name=\"your-subject\" \/><\/span> <\/label>\n<\/p>\n<p><label> MENSAJE<br \/>\n<span class=\"wpcf7-form-control-wrap\" data-name=\"your-message\"><textarea cols=\"40\" rows=\"10\" maxlength=\"2000\" class=\"wpcf7-form-control wpcf7-textarea\" aria-invalid=\"false\" name=\"your-message\"><\/textarea><\/span> <\/label>\n<\/p>\n<p><input class=\"wpcf7-form-control wpcf7-submit has-spinner\" type=\"submit\" value=\"ENVIAR\" \/>\n<\/p><label class=\"apbct_special_field\" id=\"apbct_label_id11225\" for=\"apbct__email_id__wp_contact_form_7_11225\">11225<\/label><input \n        id=\"apbct__email_id__wp_contact_form_7_11225\" \n        class=\"apbct_special_field apbct__email_id__wp_contact_form_7\"\n        autocomplete=\"off\" \n        name=\"apbct__email_id__wp_contact_form_7_11225\"  \n        type=\"text\" \n        value=\"11225\" \n        size=\"30\" \n        apbct_event_id=\"11225\"\n        maxlength=\"200\" \n    \/><input \n        id=\"apbct_event_id_wp_contact_form_7_11225\"\n        class=\"apbct_special_field\"\n        name=\"apbct_event_id\"\n        type=\"hidden\" \n        value=\"11225\" \n            \/><div class=\"wpcf7-response-output\" aria-hidden=\"true\"><\/div>\n<\/form>\n<\/div>\n<\/h5>\n<h5><span style=\"color: #333399;\"><strong><span style=\"text-decoration: underline; color: #99cccc;\">Tama\u00f1os de impresos<\/span><br \/>\n<\/strong><\/span><\/h5>\n<p>&nbsp;<\/p>\n<p>&nbsp;<\/p>\n<p>&nbsp;<\/p>\n<p>&nbsp;<\/p>\n<p>&nbsp;<\/p>\n<p>&nbsp;<\/p>\n<p>&nbsp;<\/p>\n<p>&nbsp;<\/p>\n<p>&nbsp;<\/p>\n<p>&nbsp;<\/p>\n<p>&nbsp;<\/p>\n<p>&nbsp;<\/p>\n<p>&nbsp;<\/p>\n<p>&nbsp;<\/p>\n<p>&nbsp;<\/p>\n","protected":false},"excerpt":{"rendered":"<p>&nbsp; Tama\u00f1os de impresos: Revistas, Folletos, Cat\u00e1logos. 13&#215;21 cms 14&#215;21.5 15.7&#215;22.5 1\u00f32 tintas \u00a016.5&#215;22.5 color 21&#215;27 21.5&#215;28 22.5&#215;32 1\u00f32 tintas, 22.5&#215;32.5 color Tama\u00f1os de impresos:\u00a0 Libros 10&#215;13 cms 13&#215;21 14&#215;21.5 15.7&#215;22.5 1\u00f32 tintas 16&#215;22.5 color 21&#215;27 21.5&#215;28 22.5&#215;32 1\u00f32 tintas 22.5&#215;33 color Tama\u00f1os de impresos:\u00a0 Peri\u00f3dicos 23.7&#215;32.5 cms 1 \u00f3 2 tintas en diario o&#8230;<\/p>\n","protected":false},"author":2,"featured_media":0,"parent":0,"menu_order":50,"comment_status":"open","ping_status":"open","template":"","meta":{"om_disable_all_campaigns":false,"_monsterinsights_skip_tracking":false,"_monsterinsights_sitenote_active":false,"_monsterinsights_sitenote_note":"","_monsterinsights_sitenote_category":0,"_uf_show_specific_survey":0,"_uf_disable_surveys":false,"_joinchat":[],"footnotes":""},"class_list":["post-550","page","type-page","status-publish","hentry"],"yoast_head":"<!-- This site is optimized with the Yoast SEO plugin v27.2 - https:\/\/yoast.com\/product\/yoast-seo-wordpress\/ -->\n<title>impresion de libros y revistas<\/title>\n<meta name=\"robots\" content=\"index, follow, max-snippet:-1, max-image-preview:large, max-video-preview:-1\" \/>\n<link rel=\"canonical\" href=\"https:\/\/www.imprentas.org.mx\/imprenta\/tamanos-de-impresos\/\" \/>\n<meta property=\"og:locale\" content=\"es_MX\" \/>\n<meta property=\"og:type\" content=\"article\" \/>\n<meta property=\"og:title\" content=\"impresion de libros y revistas\" \/>\n<meta property=\"og:description\" content=\"&nbsp; Tama\u00f1os de impresos: Revistas, Folletos, Cat\u00e1logos. 13&#215;21 cms 14&#215;21.5 15.7&#215;22.5 1\u00f32 tintas \u00a016.5&#215;22.5 color 21&#215;27 21.5&#215;28 22.5&#215;32 1\u00f32 tintas, 22.5&#215;32.5 color Tama\u00f1os de impresos:\u00a0 Libros 10&#215;13 cms 13&#215;21 14&#215;21.5 15.7&#215;22.5 1\u00f32 tintas 16&#215;22.5 color 21&#215;27 21.5&#215;28 22.5&#215;32 1\u00f32 tintas 22.5&#215;33 color Tama\u00f1os de impresos:\u00a0 Peri\u00f3dicos 23.7&#215;32.5 cms 1 \u00f3 2 tintas en diario o...\" \/>\n<meta property=\"og:url\" content=\"https:\/\/www.imprentas.org.mx\/imprenta\/tamanos-de-impresos\/\" \/>\n<meta property=\"og:site_name\" content=\"Imprentas: Revistas, Libros ...\" \/>\n<meta property=\"article:publisher\" content=\"https:\/\/www.facebook.com\/imprenta.debari\" \/>\n<meta property=\"article:modified_time\" content=\"2017-12-19T21:18:52+00:00\" \/>\n<meta property=\"og:image\" content=\"http:\/\/www.imprentas.org.mx\/imprenta\/wp-content\/uploads\/2011\/04\/logito-imprentas-copy.jpg\" \/>\n<meta name=\"twitter:card\" content=\"summary_large_image\" \/>\n<meta name=\"twitter:site\" content=\"@DEBARISERV\" \/>\n<meta name=\"twitter:label1\" content=\"Tiempo de lectura\" \/>\n\t<meta name=\"twitter:data1\" content=\"1 minuto\" \/>\n<script type=\"application\/ld+json\" class=\"yoast-schema-graph\">{\"@context\":\"https:\/\/schema.org\",\"@graph\":[{\"@type\":\"WebPage\",\"@id\":\"https:\/\/www.imprentas.org.mx\/imprenta\/tamanos-de-impresos\/\",\"url\":\"https:\/\/www.imprentas.org.mx\/imprenta\/tamanos-de-impresos\/\",\"name\":\"impresion de libros y revistas\",\"isPartOf\":{\"@id\":\"https:\/\/www.imprentas.org.mx\/imprenta\/#website\"},\"primaryImageOfPage\":{\"@id\":\"https:\/\/www.imprentas.org.mx\/imprenta\/tamanos-de-impresos\/#primaryimage\"},\"image\":{\"@id\":\"https:\/\/www.imprentas.org.mx\/imprenta\/tamanos-de-impresos\/#primaryimage\"},\"thumbnailUrl\":\"http:\/\/www.imprentas.org.mx\/imprenta\/wp-content\/uploads\/2011\/04\/logito-imprentas-copy.jpg\",\"datePublished\":\"2011-05-03T21:43:43+00:00\",\"dateModified\":\"2017-12-19T21:18:52+00:00\",\"breadcrumb\":{\"@id\":\"https:\/\/www.imprentas.org.mx\/imprenta\/tamanos-de-impresos\/#breadcrumb\"},\"inLanguage\":\"es\",\"potentialAction\":[{\"@type\":\"ReadAction\",\"target\":[\"https:\/\/www.imprentas.org.mx\/imprenta\/tamanos-de-impresos\/\"]}]},{\"@type\":\"ImageObject\",\"inLanguage\":\"es\",\"@id\":\"https:\/\/www.imprentas.org.mx\/imprenta\/tamanos-de-impresos\/#primaryimage\",\"url\":\"http:\/\/www.imprentas.org.mx\/imprenta\/wp-content\/uploads\/2011\/04\/logito-imprentas-copy.jpg\",\"contentUrl\":\"http:\/\/www.imprentas.org.mx\/imprenta\/wp-content\/uploads\/2011\/04\/logito-imprentas-copy.jpg\"},{\"@type\":\"BreadcrumbList\",\"@id\":\"https:\/\/www.imprentas.org.mx\/imprenta\/tamanos-de-impresos\/#breadcrumb\",\"itemListElement\":[{\"@type\":\"ListItem\",\"position\":1,\"name\":\"Inicio\",\"item\":\"https:\/\/www.imprentas.org.mx\/imprenta\/\"},{\"@type\":\"ListItem\",\"position\":2,\"name\":\"Tama\u00f1os de impresos\"}]},{\"@type\":\"WebSite\",\"@id\":\"https:\/\/www.imprentas.org.mx\/imprenta\/#website\",\"url\":\"https:\/\/www.imprentas.org.mx\/imprenta\/\",\"name\":\"Imprentas: Revistas, Libros ...\",\"description\":\"Servicio en Impresi\u00f3n, Hoja, Rotativa, Digital, Encuadernaci\u00f3n.\",\"publisher\":{\"@id\":\"https:\/\/www.imprentas.org.mx\/imprenta\/#organization\"},\"potentialAction\":[{\"@type\":\"SearchAction\",\"target\":{\"@type\":\"EntryPoint\",\"urlTemplate\":\"https:\/\/www.imprentas.org.mx\/imprenta\/?s={search_term_string}\"},\"query-input\":{\"@type\":\"PropertyValueSpecification\",\"valueRequired\":true,\"valueName\":\"search_term_string\"}}],\"inLanguage\":\"es\"},{\"@type\":\"Organization\",\"@id\":\"https:\/\/www.imprentas.org.mx\/imprenta\/#organization\",\"name\":\"Imprentas Debari\",\"url\":\"https:\/\/www.imprentas.org.mx\/imprenta\/\",\"logo\":{\"@type\":\"ImageObject\",\"inLanguage\":\"es\",\"@id\":\"https:\/\/www.imprentas.org.mx\/imprenta\/#\/schema\/logo\/image\/\",\"url\":\"https:\/\/i0.wp.com\/www.imprentas.org.mx\/imprenta\/wp-content\/uploads\/2019\/03\/logoimprentas-e1557587303134.jpg?fit=135%2C95&ssl=1\",\"contentUrl\":\"https:\/\/i0.wp.com\/www.imprentas.org.mx\/imprenta\/wp-content\/uploads\/2019\/03\/logoimprentas-e1557587303134.jpg?fit=135%2C95&ssl=1\",\"width\":135,\"height\":95,\"caption\":\"Imprentas Debari\"},\"image\":{\"@id\":\"https:\/\/www.imprentas.org.mx\/imprenta\/#\/schema\/logo\/image\/\"},\"sameAs\":[\"https:\/\/www.facebook.com\/imprenta.debari\",\"https:\/\/x.com\/DEBARISERV\",\"https:\/\/www.instagram.com\/p\/BxsUq56nHI1\/?igshid=s2fcgcgxwafw\",\"https:\/\/www.linkedin.com\/in\/imprentas-debari-625a7026\/\",\"https:\/\/www.pinterest.com\/imprentasdebari\"]}]}<\/script>\n<!-- \/ Yoast SEO plugin. -->","yoast_head_json":{"title":"impresion de libros y revistas","robots":{"index":"index","follow":"follow","max-snippet":"max-snippet:-1","max-image-preview":"max-image-preview:large","max-video-preview":"max-video-preview:-1"},"canonical":"https:\/\/www.imprentas.org.mx\/imprenta\/tamanos-de-impresos\/","og_locale":"es_MX","og_type":"article","og_title":"impresion de libros y revistas","og_description":"&nbsp; Tama\u00f1os de impresos: Revistas, Folletos, Cat\u00e1logos. 13&#215;21 cms 14&#215;21.5 15.7&#215;22.5 1\u00f32 tintas \u00a016.5&#215;22.5 color 21&#215;27 21.5&#215;28 22.5&#215;32 1\u00f32 tintas, 22.5&#215;32.5 color Tama\u00f1os de impresos:\u00a0 Libros 10&#215;13 cms 13&#215;21 14&#215;21.5 15.7&#215;22.5 1\u00f32 tintas 16&#215;22.5 color 21&#215;27 21.5&#215;28 22.5&#215;32 1\u00f32 tintas 22.5&#215;33 color Tama\u00f1os de impresos:\u00a0 Peri\u00f3dicos 23.7&#215;32.5 cms 1 \u00f3 2 tintas en diario o...","og_url":"https:\/\/www.imprentas.org.mx\/imprenta\/tamanos-de-impresos\/","og_site_name":"Imprentas: Revistas, Libros ...","article_publisher":"https:\/\/www.facebook.com\/imprenta.debari","article_modified_time":"2017-12-19T21:18:52+00:00","og_image":[{"url":"http:\/\/www.imprentas.org.mx\/imprenta\/wp-content\/uploads\/2011\/04\/logito-imprentas-copy.jpg","type":"","width":"","height":""}],"twitter_card":"summary_large_image","twitter_site":"@DEBARISERV","twitter_misc":{"Tiempo de lectura":"1 minuto"},"schema":{"@context":"https:\/\/schema.org","@graph":[{"@type":"WebPage","@id":"https:\/\/www.imprentas.org.mx\/imprenta\/tamanos-de-impresos\/","url":"https:\/\/www.imprentas.org.mx\/imprenta\/tamanos-de-impresos\/","name":"impresion de libros y revistas","isPartOf":{"@id":"https:\/\/www.imprentas.org.mx\/imprenta\/#website"},"primaryImageOfPage":{"@id":"https:\/\/www.imprentas.org.mx\/imprenta\/tamanos-de-impresos\/#primaryimage"},"image":{"@id":"https:\/\/www.imprentas.org.mx\/imprenta\/tamanos-de-impresos\/#primaryimage"},"thumbnailUrl":"http:\/\/www.imprentas.org.mx\/imprenta\/wp-content\/uploads\/2011\/04\/logito-imprentas-copy.jpg","datePublished":"2011-05-03T21:43:43+00:00","dateModified":"2017-12-19T21:18:52+00:00","breadcrumb":{"@id":"https:\/\/www.imprentas.org.mx\/imprenta\/tamanos-de-impresos\/#breadcrumb"},"inLanguage":"es","potentialAction":[{"@type":"ReadAction","target":["https:\/\/www.imprentas.org.mx\/imprenta\/tamanos-de-impresos\/"]}]},{"@type":"ImageObject","inLanguage":"es","@id":"https:\/\/www.imprentas.org.mx\/imprenta\/tamanos-de-impresos\/#primaryimage","url":"http:\/\/www.imprentas.org.mx\/imprenta\/wp-content\/uploads\/2011\/04\/logito-imprentas-copy.jpg","contentUrl":"http:\/\/www.imprentas.org.mx\/imprenta\/wp-content\/uploads\/2011\/04\/logito-imprentas-copy.jpg"},{"@type":"BreadcrumbList","@id":"https:\/\/www.imprentas.org.mx\/imprenta\/tamanos-de-impresos\/#breadcrumb","itemListElement":[{"@type":"ListItem","position":1,"name":"Inicio","item":"https:\/\/www.imprentas.org.mx\/imprenta\/"},{"@type":"ListItem","position":2,"name":"Tama\u00f1os de impresos"}]},{"@type":"WebSite","@id":"https:\/\/www.imprentas.org.mx\/imprenta\/#website","url":"https:\/\/www.imprentas.org.mx\/imprenta\/","name":"Imprentas: Revistas, Libros ...","description":"Servicio en Impresi\u00f3n, Hoja, Rotativa, Digital, Encuadernaci\u00f3n.","publisher":{"@id":"https:\/\/www.imprentas.org.mx\/imprenta\/#organization"},"potentialAction":[{"@type":"SearchAction","target":{"@type":"EntryPoint","urlTemplate":"https:\/\/www.imprentas.org.mx\/imprenta\/?s={search_term_string}"},"query-input":{"@type":"PropertyValueSpecification","valueRequired":true,"valueName":"search_term_string"}}],"inLanguage":"es"},{"@type":"Organization","@id":"https:\/\/www.imprentas.org.mx\/imprenta\/#organization","name":"Imprentas Debari","url":"https:\/\/www.imprentas.org.mx\/imprenta\/","logo":{"@type":"ImageObject","inLanguage":"es","@id":"https:\/\/www.imprentas.org.mx\/imprenta\/#\/schema\/logo\/image\/","url":"https:\/\/i0.wp.com\/www.imprentas.org.mx\/imprenta\/wp-content\/uploads\/2019\/03\/logoimprentas-e1557587303134.jpg?fit=135%2C95&ssl=1","contentUrl":"https:\/\/i0.wp.com\/www.imprentas.org.mx\/imprenta\/wp-content\/uploads\/2019\/03\/logoimprentas-e1557587303134.jpg?fit=135%2C95&ssl=1","width":135,"height":95,"caption":"Imprentas Debari"},"image":{"@id":"https:\/\/www.imprentas.org.mx\/imprenta\/#\/schema\/logo\/image\/"},"sameAs":["https:\/\/www.facebook.com\/imprenta.debari","https:\/\/x.com\/DEBARISERV","https:\/\/www.instagram.com\/p\/BxsUq56nHI1\/?igshid=s2fcgcgxwafw","https:\/\/www.linkedin.com\/in\/imprentas-debari-625a7026\/","https:\/\/www.pinterest.com\/imprentasdebari"]}]}},"jetpack_sharing_enabled":true,"_links":{"self":[{"href":"https:\/\/www.imprentas.org.mx\/imprenta\/wp-json\/wp\/v2\/pages\/550","targetHints":{"allow":["GET"]}}],"collection":[{"href":"https:\/\/www.imprentas.org.mx\/imprenta\/wp-json\/wp\/v2\/pages"}],"about":[{"href":"https:\/\/www.imprentas.org.mx\/imprenta\/wp-json\/wp\/v2\/types\/page"}],"author":[{"embeddable":true,"href":"https:\/\/www.imprentas.org.mx\/imprenta\/wp-json\/wp\/v2\/users\/2"}],"replies":[{"embeddable":true,"href":"https:\/\/www.imprentas.org.mx\/imprenta\/wp-json\/wp\/v2\/comments?post=550"}],"version-history":[{"count":18,"href":"https:\/\/www.imprentas.org.mx\/imprenta\/wp-json\/wp\/v2\/pages\/550\/revisions"}],"predecessor-version":[{"id":2326,"href":"https:\/\/www.imprentas.org.mx\/imprenta\/wp-json\/wp\/v2\/pages\/550\/revisions\/2326"}],"wp:attachment":[{"href":"https:\/\/www.imprentas.org.mx\/imprenta\/wp-json\/wp\/v2\/media?parent=550"}],"curies":[{"name":"wp","href":"https:\/\/api.w.org\/{rel}","templated":true}]}}